{"id":10094,"date":"2018-09-07T12:38:23","date_gmt":"2018-09-07T12:38:23","guid":{"rendered":"http:\/\/www.yenisehirtso.org.tr\/v5\/?page_id=10094"},"modified":"2018-09-07T12:40:33","modified_gmt":"2018-09-07T12:40:33","slug":"yurt-disi-isbirligi-talepleri","status":"publish","type":"page","link":"https:\/\/www.yenisehirtso.org.tr\/v5\/yurt-disi-isbirligi-talepleri\/","title":{"rendered":"Yurt D\u0131\u015f\u0131 \u0130\u015fbirli\u011fi Talepleri"},"content":{"rendered":"<ul>\n<li><strong><a href=\"http:\/\/isbirilan.tobb.org.tr\/yeni\/bulten.php\" target=\"_blank\" rel=\"noopener\">YURTDI\u015eINDAK\u0130 F\u0130RMALARDAN GELEN \u0130\u015eB\u0130RL\u0130\u011e\u0130 VE ALIM TEKL\u0130FLER\u0130<\/a><\/strong><\/li>\n<li><strong><a href=\"https:\/\/isbirilan.tobb.org.tr\/ist_ulke.php\" target=\"_blank\" rel=\"noopener\">\u00dcLKELERE G\u00d6RE SIRALANMI\u015e \u0130\u015eB\u0130RL\u0130\u011e\u0130 VE ALIM TEKL\u0130FLER\u0130<\/a><\/strong><\/li>\n<li><a href=\"https:\/\/www.igeme.com.tr\/category\/arzlar-talepler\/alim-talepleri\/\" target=\"_blank\" rel=\"noopener\"><strong>\u0130HRACATI GEL\u0130\u015eT\u0130RME MERKEZ\u0130&#8217;NE ULA\u015eAN YURTDI\u015eI ALIM TALEPLER\u0130<\/strong><\/a><\/li>\n<\/ul>\n<p>&nbsp;<\/p>\n","protected":false},"excerpt":{"rendered":"<p>YURTDI\u015eINDAK\u0130 F\u0130RMALARDAN GELEN \u0130\u015eB\u0130RL\u0130\u011e\u0130 VE ALIM TEKL\u0130FLER\u0130 \u00dcLKELERE G\u00d6RE SIRALANMI\u015e \u0130\u015eB\u0130RL\u0130\u011e\u0130 VE ALIM TEKL\u0130FLER\u0130 \u0130HRACATI GEL\u0130\u015eT\u0130RME MERKEZ\u0130&#8217;NE ULA\u015eAN YURTDI\u015eI ALIM TALEPLER\u0130 &nbsp;<\/p>\n","protected":false},"author":1,"featured_media":10095,"parent":0,"menu_order":0,"comment_status":"closed","ping_status":"closed","template":"","meta":[],"_links":{"self":[{"href":"https:\/\/www.yenisehirtso.org.tr\/v5\/wp-json\/wp\/v2\/pages\/10094"}],"collection":[{"href":"https:\/\/www.yenisehirtso.org.tr\/v5\/wp-json\/wp\/v2\/pages"}],"about":[{"href":"https:\/\/www.yenisehirtso.org.tr\/v5\/wp-json\/wp\/v2\/types\/page"}],"author":[{"embeddable":true,"href":"https:\/\/www.yenisehirtso.org.tr\/v5\/wp-json\/wp\/v2\/users\/1"}],"replies":[{"embeddable":true,"href":"https:\/\/www.yenisehirtso.org.tr\/v5\/wp-json\/wp\/v2\/comments?post=10094"}],"version-history":[{"count":1,"href":"https:\/\/www.yenisehirtso.org.tr\/v5\/wp-json\/wp\/v2\/pages\/10094\/revisions"}],"predecessor-version":[{"id":10096,"href":"https:\/\/www.yenisehirtso.org.tr\/v5\/wp-json\/wp\/v2\/pages\/10094\/revisions\/10096"}],"wp:featuredmedia":[{"embeddable":true,"href":"https:\/\/www.yenisehirtso.org.tr\/v5\/wp-json\/wp\/v2\/media\/10095"}],"wp:attachment":[{"href":"https:\/\/www.yenisehirtso.org.tr\/v5\/wp-json\/wp\/v2\/media?parent=10094"}],"curies":[{"name":"wp","href":"https:\/\/api.w.org\/{rel}","templated":true}]}}