{"id":10588,"date":"2020-06-19T09:58:55","date_gmt":"2020-06-19T09:58:55","guid":{"rendered":"http:\/\/www.yenisehirtso.org.tr\/v5\/?page_id=10588"},"modified":"2022-03-08T11:31:15","modified_gmt":"2022-03-08T11:31:15","slug":"birlesme","status":"publish","type":"page","link":"https:\/\/www.yenisehirtso.org.tr\/v5\/birlesme\/","title":{"rendered":"Birle\u015fme"},"content":{"rendered":"<p><strong>F.80 B\u0130RLE\u015eME<\/strong><\/p>\n<p><strong>F.80.1 NORMAL B\u0130RLE\u015eME<\/strong><\/p>\n<p><strong>F.80.1 NORMAL B\u0130RLE\u015eME TESC\u0130L\u0130 EVRAKLARI<\/strong><\/p>\n<p><strong>1-Devrolunan \u015eirket birle\u015fmenin tescili i\u00e7in a\u015fa\u011f\u0131daki belgelerle m\u00fcd\u00fcrl\u00fc\u011fe ba\u015fvurur<\/strong><\/p>\n<p><a href=\"https:\/\/www.yenisehirtso.org.tr\/v5\/wp-content\/uploads\/2020\/06\/A.\u015e.\u2013Devralan-Normal-Birle\u015fme-Genel-Kurul-Karar\u0131.docx\">A.\u015e.\u2013Devralan-Normal Birle\u015fme Genel Kurul Karar\u0131<\/a><\/p>\n<p><a href=\"https:\/\/www.yenisehirtso.org.tr\/v5\/wp-content\/uploads\/2020\/06\/A.\u015e.\u2013Devrolan-Normal-Birle\u015fme-Genel-Kurul-Karar\u0131.docx\">A.\u015e.\u2013Devrolan-Normal Birle\u015fme Genel Kurul Karar\u0131<\/a><\/p>\n<p><a href=\"https:\/\/www.yenisehirtso.org.tr\/v5\/wp-content\/uploads\/2020\/06\/Alacakl\u0131lara-\u00c7a\u011fr\u0131-\u0130lan\u0131.docx\">Alacakl\u0131lara \u00c7a\u011fr\u0131 \u0130lan\u0131<\/a><\/p>\n<p><a href=\"https:\/\/www.yenisehirtso.org.tr\/v5\/wp-content\/uploads\/2020\/06\/Birle\u015fme-Raporu.docx\">Birle\u015fme Raporu<\/a><\/p>\n<p><a href=\"https:\/\/www.yenisehirtso.org.tr\/v5\/wp-content\/uploads\/2020\/06\/Birle\u015fme-S\u00f6zle\u015fmesi.docx\">Birle\u015fme S\u00f6zle\u015fmesi<\/a><\/p>\n<p><a href=\"https:\/\/www.yenisehirtso.org.tr\/v5\/wp-content\/uploads\/2020\/06\/Kobi-Raporu-2.docx\">Kobi Raporu 2<\/a><\/p>\n<p><a href=\"https:\/\/www.yenisehirtso.org.tr\/v5\/wp-content\/uploads\/2020\/06\/Kobi-Raporu.docx\">Kobi Raporu<\/a><\/p>\n<p><a href=\"https:\/\/www.yenisehirtso.org.tr\/v5\/wp-content\/uploads\/2020\/06\/LTD.\u015eT\u0130.\u2013G\u00fcndem-Karar\u0131.docx\">LTD.\u015eT\u0130.\u2013G\u00fcndem Karar\u0131<\/a><\/p>\n<p><a href=\"https:\/\/www.yenisehirtso.org.tr\/v5\/wp-content\/uploads\/2020\/06\/LTD.\u015eT\u0130.\u2013Haz\u0131r-Bulunanlar-Listesi.docx\">LTD.\u015eT\u0130.\u2013Haz\u0131r Bulunanlar Listesi<\/a><\/p>\n<p><a href=\"https:\/\/www.yenisehirtso.org.tr\/v5\/wp-content\/uploads\/2020\/06\/Ortaklara-\u00c7a\u011fr\u0131-\u0130lan\u0131.docx\">Ortaklara \u00c7a\u011fr\u0131 \u0130lan\u0131<\/a><\/p>\n<p><strong>2-Devralan \u015firket birle\u015fmenin tescili i\u00e7in a\u015fa\u011f\u0131daki belgelerle m\u00fcd\u00fcrl\u00fc\u011fe ba\u015fvurur<\/strong><\/p>\n<p><a href=\"https:\/\/www.yenisehirtso.org.tr\/v5\/wp-content\/uploads\/2020\/06\/A.\u015e.\u2013Devralan-Normal-Birle\u015fme-Genel-Kurul-Karar\u0131-1.docx\">A.\u015e.\u2013Devralan-Normal Birle\u015fme Genel Kurul Karar\u0131<\/a><\/p>\n<p><a href=\"https:\/\/www.yenisehirtso.org.tr\/v5\/wp-content\/uploads\/2020\/06\/A.\u015e.\u2013Devrolan-Normal-Birle\u015fme-Genel-Kurul-Karar\u0131-1.docx\">A.\u015e.\u2013Devrolan-Normal Birle\u015fme Genel Kurul Karar\u0131<\/a><\/p>\n<p><a href=\"https:\/\/www.yenisehirtso.org.tr\/v5\/wp-content\/uploads\/2020\/06\/Alacakl\u0131lara-\u00c7a\u011fr\u0131-\u0130lan\u0131-1.docx\">Alacakl\u0131lara \u00c7a\u011fr\u0131 \u0130lan\u0131<\/a><\/p>\n<p><a href=\"https:\/\/www.yenisehirtso.org.tr\/v5\/wp-content\/uploads\/2020\/06\/Beyan.docx\">Beyan<\/a><\/p>\n<p><a href=\"https:\/\/www.yenisehirtso.org.tr\/v5\/wp-content\/uploads\/2020\/06\/Birle\u015fme-Raporu-1.docx\">Birle\u015fme Raporu<\/a><\/p>\n<p><a href=\"https:\/\/www.yenisehirtso.org.tr\/v5\/wp-content\/uploads\/2020\/06\/Birle\u015fme-S\u00f6zle\u015fmesi-1.docx\">Birle\u015fme S\u00f6zle\u015fmesi<\/a><\/p>\n<p><a href=\"https:\/\/www.yenisehirtso.org.tr\/v5\/wp-content\/uploads\/2020\/06\/Devralan-Birle\u015fme-Tadil-Metni.docx\">Devralan &#8211; Birle\u015fme Tadil Metni<\/a><\/p>\n<p><a href=\"https:\/\/www.yenisehirtso.org.tr\/v5\/wp-content\/uploads\/2020\/06\/Kobi-Raporu-2-1.docx\">Kobi Raporu 2<\/a><\/p>\n<p><a href=\"https:\/\/www.yenisehirtso.org.tr\/v5\/wp-content\/uploads\/2020\/06\/Kobi-Raporu-1.docx\">Kobi Raporu<\/a><\/p>\n<p><a href=\"https:\/\/www.yenisehirtso.org.tr\/v5\/wp-content\/uploads\/2020\/06\/LTD.\u015eT\u0130.\u2013Devralan-Normal-Birle\u015fme-Genel-Kurul-Karar\u0131.docx\">LTD.\u015eT\u0130.\u2013Devralan-Normal Birle\u015fme Genel Kurul Karar\u0131<\/a><\/p>\n<p><a href=\"https:\/\/www.yenisehirtso.org.tr\/v5\/wp-content\/uploads\/2020\/06\/LTD.\u015eT\u0130.\u2013Devrolan-Normal-Birle\u015fme-Genel-Kurul-Karar\u0131.docx\">LTD.\u015eT\u0130.\u2013Devrolan-Normal Birle\u015fme Genel Kurul Karar\u0131<\/a><\/p>\n<p><a href=\"https:\/\/www.yenisehirtso.org.tr\/v5\/wp-content\/uploads\/2020\/06\/LTD.\u015eT\u0130.\u2013Haz\u0131r-Bulunanlar-Listesi-1.docx\">LTD.\u015eT\u0130.\u2013Haz\u0131r Bulunanlar Listesi<\/a><\/p>\n<p><a href=\"https:\/\/www.yenisehirtso.org.tr\/v5\/wp-content\/uploads\/2020\/06\/LTD.\u015eT\u0130.\u2013Ola\u011fan\u00fcst\u00fc-Genel-Kurul-G\u00fcndemi.docx\">LTD.\u015eT\u0130.\u2013Ola\u011fan\u00fcst\u00fc Genel Kurul G\u00fcndemi<\/a><\/p>\n<p><a href=\"https:\/\/www.yenisehirtso.org.tr\/v5\/wp-content\/uploads\/2020\/06\/Ortaklara-\u00c7a\u011fr\u0131-\u0130lan\u0131-1.docx\">Ortaklara \u00c7a\u011fr\u0131 \u0130lan\u0131<\/a><\/p>\n<p><a href=\"https:\/\/www.yenisehirtso.org.tr\/v5\/wp-content\/uploads\/2020\/06\/SMMM-Raporu.docx\">SMMM Raporu<\/a><\/p>\n<p><strong>3-Bir Ticari \u0130\u015fletmenin Birle\u015fmeye Kat\u0131lmas\u0131 Halinde<\/strong><\/p>\n<p><a href=\"https:\/\/www.yenisehirtso.org.tr\/v5\/wp-content\/uploads\/2020\/06\/Alacakl\u0131lara-\u00c7a\u011fr\u0131-\u0130lan\u0131-2.docx\">Alacakl\u0131lara \u00c7a\u011fr\u0131 \u0130lan\u0131<\/a><\/p>\n<p><a href=\"https:\/\/www.yenisehirtso.org.tr\/v5\/wp-content\/uploads\/2020\/06\/Beyan-1.docx\">Beyan<\/a><\/p>\n<p><a href=\"https:\/\/www.yenisehirtso.org.tr\/v5\/wp-content\/uploads\/2020\/06\/Birle\u015fme-Raporu-2.docx\">Birle\u015fme Raporu<\/a><\/p>\n<p><a href=\"https:\/\/www.yenisehirtso.org.tr\/v5\/wp-content\/uploads\/2020\/06\/Birle\u015fme-S\u00f6zle\u015fmesi-2.docx\">Birle\u015fme S\u00f6zle\u015fmesi<\/a><\/p>\n<p><a href=\"https:\/\/www.yenisehirtso.org.tr\/v5\/wp-content\/uploads\/2020\/06\/Kobi-Raporu-2-2.docx\">Kobi Raporu 2<\/a><\/p>\n<p><a href=\"https:\/\/www.yenisehirtso.org.tr\/v5\/wp-content\/uploads\/2020\/06\/SMMM-Raporu-1.docx\">SMMM Raporu<\/a><\/p>\n<p><a href=\"https:\/\/www.yenisehirtso.org.tr\/v5\/wp-content\/uploads\/2020\/06\/F.80.1-Normal-Birle\u015fme-Tescili-Evraklar\u0131.doc\">F.80.1 Normal Birle\u015fme Tescili Evraklar\u0131<\/a><\/p>\n<p><a href=\"https:\/\/www.yenisehirtso.org.tr\/v5\/wp-content\/uploads\/2020\/06\/\u015eube-Bilgi-Beyan\u0131.docx\">\u015eube Bilgi Beyan\u0131<\/a><\/p>\n<p><a href=\"https:\/\/www.yenisehirtso.org.tr\/v5\/wp-content\/uploads\/2020\/06\/F.80.1.1-Normal-Birle\u015fme-Tescilinde-Ticaret-Sicilne-Gelecek-Evraklar.doc\">F.80.1.1 Normal Birle\u015fme Tescilinde Ticaret Sicilne Gelecek Evraklar<\/a><\/p>\n<p><a href=\"https:\/\/www.yenisehirtso.org.tr\/v5\/wp-content\/uploads\/2020\/06\/F.80.1.2-Normal-Birle\u015fme-Tescilinde-Odaya-Gelecek-Evraklar.doc\">F.80.1.2 Normal Birle\u015fme Tescilinde Odaya Gelecek Evraklar<\/a><\/p>\n<p><strong>F.80.2 KOLAYLA\u015eTIRILMI\u015e B\u0130RLE\u015eME<\/strong><\/p>\n<p><strong>F.80.2 KOLAYLA\u015eTIRILMI\u015e B\u0130RLE\u015eME<\/strong><\/p>\n<p><strong>1-Devrolunan \u015eirket birle\u015fmenin tescili i\u00e7in a\u015fa\u011f\u0131daki belgelerle m\u00fcd\u00fcrl\u00fc\u011fe ba\u015fvurur<\/strong><\/p>\n<p><a href=\"https:\/\/www.yenisehirtso.org.tr\/v5\/wp-content\/uploads\/2020\/06\/Alacakl\u0131lara-\u00c7a\u011fr\u0131-\u0130lan\u0131-3.docx\">Alacakl\u0131lara \u00c7a\u011fr\u0131 \u0130lan\u0131<\/a><\/p>\n<p><a href=\"https:\/\/www.yenisehirtso.org.tr\/v5\/wp-content\/uploads\/2020\/06\/Birle\u015fme-Raporu-3.docx\">Birle\u015fme Raporu<\/a><\/p>\n<p><a href=\"https:\/\/www.yenisehirtso.org.tr\/v5\/wp-content\/uploads\/2020\/06\/Birle\u015fme-S\u00f6zle\u015fmesi-3.docx\">Birle\u015fme S\u00f6zle\u015fmesi<\/a><\/p>\n<p><a href=\"https:\/\/www.yenisehirtso.org.tr\/v5\/wp-content\/uploads\/2020\/06\/Kobi-Raporu-2-3.docx\">Kobi Raporu 2<\/a><\/p>\n<p><a href=\"https:\/\/www.yenisehirtso.org.tr\/v5\/wp-content\/uploads\/2020\/06\/Kobi-Raporu-3.docx\">Kobi Raporu<\/a><\/p>\n<p><a href=\"https:\/\/www.yenisehirtso.org.tr\/v5\/wp-content\/uploads\/2020\/06\/LTD.\u015eT\u0130.\u2013G\u00fcndem-Karar\u0131-1.docx\">LTD.\u015eT\u0130.\u2013G\u00fcndem Karar\u0131<\/a><\/p>\n<p><a href=\"https:\/\/www.yenisehirtso.org.tr\/v5\/wp-content\/uploads\/2020\/06\/LTD.\u015eT\u0130.\u2013Haz\u0131r-Bulunanlar-Listesi-2.docx\">LTD.\u015eT\u0130.\u2013Haz\u0131r Bulunanlar Listesi<\/a><\/p>\n<p><a href=\"https:\/\/www.yenisehirtso.org.tr\/v5\/wp-content\/uploads\/2020\/06\/Ortaklara-\u00c7a\u011fr\u0131-\u0130lan\u0131-2.docx\">Ortaklara \u00c7a\u011fr\u0131 \u0130lan\u0131<\/a><\/p>\n<p><strong>2-Devralan \u015firket birle\u015fmenin tescili i\u00e7in a\u015fa\u011f\u0131daki belgelerle m\u00fcd\u00fcrl\u00fc\u011fe ba\u015fvurur<\/strong><\/p>\n<p><a href=\"https:\/\/www.yenisehirtso.org.tr\/v5\/wp-content\/uploads\/2020\/06\/Alacakl\u0131lara-\u00c7a\u011fr\u0131-\u0130lan\u0131-4.docx\">Alacakl\u0131lara \u00c7a\u011fr\u0131 \u0130lan\u0131<\/a><\/p>\n<p><a href=\"https:\/\/www.yenisehirtso.org.tr\/v5\/wp-content\/uploads\/2020\/06\/Beyan-2.docx\">Beyan<\/a><\/p>\n<p><a href=\"https:\/\/www.yenisehirtso.org.tr\/v5\/wp-content\/uploads\/2020\/06\/Birle\u015fme-Raporu-4.docx\">Birle\u015fme Raporu<\/a><\/p>\n<p><a href=\"https:\/\/www.yenisehirtso.org.tr\/v5\/wp-content\/uploads\/2020\/06\/Birle\u015fme-S\u00f6zle\u015fmesi-4.docx\">Birle\u015fme S\u00f6zle\u015fmesi<\/a><\/p>\n<p><a href=\"https:\/\/www.yenisehirtso.org.tr\/v5\/wp-content\/uploads\/2020\/06\/Devralan-Birle\u015fme-Tadil-Metni-1.docx\">Devralan &#8211; Birle\u015fme Tadil Metni<\/a><\/p>\n<p><a href=\"https:\/\/www.yenisehirtso.org.tr\/v5\/wp-content\/uploads\/2020\/06\/Kobi-Raporu-2-4.docx\">Kobi Raporu 2<\/a><\/p>\n<p><a href=\"https:\/\/www.yenisehirtso.org.tr\/v5\/wp-content\/uploads\/2020\/06\/Kobi-Raporu-4.docx\">Kobi Raporu<\/a><\/p>\n<p><a href=\"https:\/\/www.yenisehirtso.org.tr\/v5\/wp-content\/uploads\/2020\/06\/LTD.\u015eT\u0130.\u2013Haz\u0131r-Bulunanlar-Listesi-3.docx\">LTD.\u015eT\u0130.\u2013Haz\u0131r Bulunanlar Listesi<\/a><\/p>\n<p><a href=\"https:\/\/www.yenisehirtso.org.tr\/v5\/wp-content\/uploads\/2020\/06\/LTD.\u015eT\u0130.\u2013Ola\u011fan\u00fcst\u00fc-Genel-Kurul-G\u00fcndemi-1.docx\">LTD.\u015eT\u0130.\u2013Ola\u011fan\u00fcst\u00fc Genel Kurul G\u00fcndemi<\/a><\/p>\n<p><a href=\"https:\/\/www.yenisehirtso.org.tr\/v5\/wp-content\/uploads\/2020\/06\/Ortaklara-\u00c7a\u011fr\u0131-\u0130lan\u0131-3.docx\">Ortaklara \u00c7a\u011fr\u0131 \u0130lan\u0131<\/a><\/p>\n<p><a href=\"https:\/\/www.yenisehirtso.org.tr\/v5\/wp-content\/uploads\/2020\/06\/SMMM-Raporu-2.docx\">SMMM Raporu<\/a><\/p>\n<p><strong>3-Bir Ticari \u0130\u015fletmenin Birle\u015fmeye Kat\u0131lmas\u0131 Halinde<\/strong><\/p>\n<p><a href=\"https:\/\/www.yenisehirtso.org.tr\/v5\/wp-content\/uploads\/2020\/06\/Alacakl\u0131lara-\u00c7a\u011fr\u0131-\u0130lan\u0131-5.docx\">Alacakl\u0131lara \u00c7a\u011fr\u0131 \u0130lan\u0131<\/a><\/p>\n<p><a href=\"https:\/\/www.yenisehirtso.org.tr\/v5\/wp-content\/uploads\/2020\/06\/Beyan-3.docx\">Beyan<\/a><\/p>\n<p><a href=\"https:\/\/www.yenisehirtso.org.tr\/v5\/wp-content\/uploads\/2020\/06\/Birle\u015fme-Raporu-5.docx\">Birle\u015fme Raporu<\/a><\/p>\n<p><a href=\"https:\/\/www.yenisehirtso.org.tr\/v5\/wp-content\/uploads\/2020\/06\/Birle\u015fme-S\u00f6zle\u015fmesi-5.docx\">Birle\u015fme S\u00f6zle\u015fmesi<\/a><\/p>\n<p><a href=\"https:\/\/www.yenisehirtso.org.tr\/v5\/wp-content\/uploads\/2020\/06\/Kobi-Raporu-2-5.docx\">Kobi Raporu 2<\/a><\/p>\n<p><a href=\"https:\/\/www.yenisehirtso.org.tr\/v5\/wp-content\/uploads\/2020\/06\/SMMM-Raporu-3.docx\">SMMM Raporu<\/a><\/p>\n<p><a href=\"https:\/\/www.yenisehirtso.org.tr\/v5\/wp-content\/uploads\/2020\/06\/F.80.2-Kolayla\u015ft\u0131r\u0131lm\u0131\u015f-Birle\u015fme-Tescili-Evraklar\u0131.doc\">F.80.2 Kolayla\u015ft\u0131r\u0131lm\u0131\u015f Birle\u015fme Tescili Evraklar\u0131<\/a><\/p>\n<p><a href=\"https:\/\/www.yenisehirtso.org.tr\/v5\/wp-content\/uploads\/2020\/06\/\u015eube-Bilgi-Beyan\u0131-1.docx\">\u015eube Bilgi Beyan\u0131<\/a><\/p>\n<p><a href=\"https:\/\/www.yenisehirtso.org.tr\/v5\/wp-content\/uploads\/2020\/06\/F.80.2.1-Kolayla\u015ft\u0131r\u0131lm\u0131\u015f-Birle\u015fme-Tescilinde-Ticaret-Sicilne-Gelecek-Evraklar.doc\">F.80.2.1 Kolayla\u015ft\u0131r\u0131lm\u0131\u015f Birle\u015fme Tescilinde Ticaret Sicilne Gelecek Evraklar<\/a><\/p>\n<p><a href=\"https:\/\/www.yenisehirtso.org.tr\/v5\/wp-content\/uploads\/2020\/06\/F.80.2.2-Kolayla\u015ft\u0131r\u0131lm\u0131\u015f-Birle\u015fme-Tescilinde-Odaya-Gelecek-Evraklar.doc\">F.80.2.2 Kolayla\u015ft\u0131r\u0131lm\u0131\u015f Birle\u015fme Tescilinde Odaya Gelecek Evraklar<\/a><\/p>\n<p>&nbsp;<\/p>\n","protected":false},"excerpt":{"rendered":"<p>F.80 B\u0130RLE\u015eME F.80.1 NORMAL B\u0130RLE\u015eME F.80.1 NORMAL B\u0130RLE\u015eME TESC\u0130L\u0130 EVRAKLARI 1-Devrolunan \u015eirket birle\u015fmenin tescili i\u00e7in a\u015fa\u011f\u0131daki belgelerle m\u00fcd\u00fcrl\u00fc\u011fe ba\u015fvurur A.\u015e.\u2013Devralan-Normal Birle\u015fme Genel Kurul Karar\u0131 A.\u015e.\u2013Devrolan-Normal Birle\u015fme Genel Kurul Karar\u0131 Alacakl\u0131lara [&hellip;]<\/p>\n","protected":false},"author":1,"featured_media":0,"parent":0,"menu_order":0,"comment_status":"closed","ping_status":"closed","template":"","meta":[],"_links":{"self":[{"href":"https:\/\/www.yenisehirtso.org.tr\/v5\/wp-json\/wp\/v2\/pages\/10588"}],"collection":[{"href":"https:\/\/www.yenisehirtso.org.tr\/v5\/wp-json\/wp\/v2\/pages"}],"about":[{"href":"https:\/\/www.yenisehirtso.org.tr\/v5\/wp-json\/wp\/v2\/types\/page"}],"author":[{"embeddable":true,"href":"https:\/\/www.yenisehirtso.org.tr\/v5\/wp-json\/wp\/v2\/users\/1"}],"replies":[{"embeddable":true,"href":"https:\/\/www.yenisehirtso.org.tr\/v5\/wp-json\/wp\/v2\/comments?post=10588"}],"version-history":[{"count":5,"href":"https:\/\/www.yenisehirtso.org.tr\/v5\/wp-json\/wp\/v2\/pages\/10588\/revisions"}],"predecessor-version":[{"id":10769,"href":"https:\/\/www.yenisehirtso.org.tr\/v5\/wp-json\/wp\/v2\/pages\/10588\/revisions\/10769"}],"wp:attachment":[{"href":"https:\/\/www.yenisehirtso.org.tr\/v5\/wp-json\/wp\/v2\/media?parent=10588"}],"curies":[{"name":"wp","href":"https:\/\/api.w.org\/{rel}","templated":true}]}}