{"id":10591,"date":"2020-06-19T10:00:20","date_gmt":"2020-06-19T10:00:20","guid":{"rendered":"http:\/\/www.yenisehirtso.org.tr\/v5\/?page_id=10591"},"modified":"2022-03-08T11:31:42","modified_gmt":"2022-03-08T11:31:42","slug":"bolunme","status":"publish","type":"page","link":"https:\/\/www.yenisehirtso.org.tr\/v5\/bolunme\/","title":{"rendered":"B\u00f6l\u00fcnme"},"content":{"rendered":"<p><strong>F.90 B\u00d6L\u00dcNME<\/strong><\/p>\n<p><strong>F.90.1 TAM B\u00d6L\u00dcNME<\/strong><\/p>\n<p><a href=\"https:\/\/www.yenisehirtso.org.tr\/v5\/wp-content\/uploads\/2020\/06\/F.90.1.1-Tam-B\u00f6l\u00fcnme-Tescilinde-Ticaret-Sicilne-Gelecek-Evraklar.doc\">F.90.1.1 Tam B\u00f6l\u00fcnme Tescilinde Ticaret Sicilne Gelecek Evraklar<\/a><\/p>\n<p><a href=\"https:\/\/www.yenisehirtso.org.tr\/v5\/wp-content\/uploads\/2020\/06\/F.90.1.2-Tam-B\u00f6l\u00fcnme-Tescilinde-Odaya-Gelecek-Evraklar.doc\">F.90.1.2 Tam B\u00f6l\u00fcnme Tescilinde Odaya Gelecek Evraklar<\/a><\/p>\n<p><strong>F.90.2 KISM\u0130 B\u00d6L\u00dcNME<\/strong><\/p>\n<p><a href=\"https:\/\/www.yenisehirtso.org.tr\/v5\/wp-content\/uploads\/2020\/06\/F.90.2.1-K\u0131smi-B\u00f6l\u00fcnme-Tescilinde-Ticaret-Sicilne-Gelecek-Evraklar.doc\">F.90.2.1 K\u0131smi B\u00f6l\u00fcnme Tescilinde Ticaret Sicilne Gelecek Evraklar<\/a><\/p>\n<p><a href=\"https:\/\/www.yenisehirtso.org.tr\/v5\/wp-content\/uploads\/2020\/06\/F.90.2.2-K\u0131smi-B\u00f6l\u00fcnme-Tescilinde-Odaya-Gelecek-Evraklar.doc\">F.90.2.2 K\u0131smi B\u00f6l\u00fcnme Tescilinde Odaya Gelecek Evraklar<\/a><\/p>\n<p>&nbsp;<\/p>\n","protected":false},"excerpt":{"rendered":"<p>F.90 B\u00d6L\u00dcNME F.90.1 TAM B\u00d6L\u00dcNME F.90.1.1 Tam B\u00f6l\u00fcnme Tescilinde Ticaret Sicilne Gelecek Evraklar F.90.1.2 Tam B\u00f6l\u00fcnme Tescilinde Odaya Gelecek Evraklar F.90.2 KISM\u0130 B\u00d6L\u00dcNME F.90.2.1 K\u0131smi B\u00f6l\u00fcnme Tescilinde Ticaret Sicilne Gelecek [&hellip;]<\/p>\n","protected":false},"author":1,"featured_media":0,"parent":0,"menu_order":0,"comment_status":"closed","ping_status":"closed","template":"","meta":[],"_links":{"self":[{"href":"https:\/\/www.yenisehirtso.org.tr\/v5\/wp-json\/wp\/v2\/pages\/10591"}],"collection":[{"href":"https:\/\/www.yenisehirtso.org.tr\/v5\/wp-json\/wp\/v2\/pages"}],"about":[{"href":"https:\/\/www.yenisehirtso.org.tr\/v5\/wp-json\/wp\/v2\/types\/page"}],"author":[{"embeddable":true,"href":"https:\/\/www.yenisehirtso.org.tr\/v5\/wp-json\/wp\/v2\/users\/1"}],"replies":[{"embeddable":true,"href":"https:\/\/www.yenisehirtso.org.tr\/v5\/wp-json\/wp\/v2\/comments?post=10591"}],"version-history":[{"count":5,"href":"https:\/\/www.yenisehirtso.org.tr\/v5\/wp-json\/wp\/v2\/pages\/10591\/revisions"}],"predecessor-version":[{"id":10770,"href":"https:\/\/www.yenisehirtso.org.tr\/v5\/wp-json\/wp\/v2\/pages\/10591\/revisions\/10770"}],"wp:attachment":[{"href":"https:\/\/www.yenisehirtso.org.tr\/v5\/wp-json\/wp\/v2\/media?parent=10591"}],"curies":[{"name":"wp","href":"https:\/\/api.w.org\/{rel}","templated":true}]}}