{"id":10604,"date":"2020-06-19T10:12:57","date_gmt":"2020-06-19T10:12:57","guid":{"rendered":"http:\/\/www.yenisehirtso.org.tr\/v5\/?page_id=10604"},"modified":"2022-03-08T11:32:41","modified_gmt":"2022-03-08T11:32:41","slug":"limited-sirketlerde-toplanti-ve-karar-nisaplari","status":"publish","type":"page","link":"https:\/\/www.yenisehirtso.org.tr\/v5\/limited-sirketlerde-toplanti-ve-karar-nisaplari\/","title":{"rendered":"L\u0130M\u0130TED \u015e\u0130RKETLERDE TOPLANTI VE KARAR N\u0130SAPLARI"},"content":{"rendered":"<p><a href=\"https:\/\/www.yenisehirtso.org.tr\/v5\/wp-content\/uploads\/2020\/06\/L\u0130M\u0130TED-\u015e\u0130RKETLERDE-TOPLANTI-VE-KARAR-N\u0130SAPLARI-1.docx\">L\u0130M\u0130TED \u015e\u0130RKETLERDE TOPLANTI VE KARAR N\u0130SAPLARI<\/a><\/p>\n","protected":false},"excerpt":{"rendered":"<p>L\u0130M\u0130TED \u015e\u0130RKETLERDE TOPLANTI VE KARAR N\u0130SAPLARI<\/p>\n","protected":false},"author":1,"featured_media":0,"parent":0,"menu_order":0,"comment_status":"closed","ping_status":"closed","template":"","meta":[],"_links":{"self":[{"href":"https:\/\/www.yenisehirtso.org.tr\/v5\/wp-json\/wp\/v2\/pages\/10604"}],"collection":[{"href":"https:\/\/www.yenisehirtso.org.tr\/v5\/wp-json\/wp\/v2\/pages"}],"about":[{"href":"https:\/\/www.yenisehirtso.org.tr\/v5\/wp-json\/wp\/v2\/types\/page"}],"author":[{"embeddable":true,"href":"https:\/\/www.yenisehirtso.org.tr\/v5\/wp-json\/wp\/v2\/users\/1"}],"replies":[{"embeddable":true,"href":"https:\/\/www.yenisehirtso.org.tr\/v5\/wp-json\/wp\/v2\/comments?post=10604"}],"version-history":[{"count":3,"href":"https:\/\/www.yenisehirtso.org.tr\/v5\/wp-json\/wp\/v2\/pages\/10604\/revisions"}],"predecessor-version":[{"id":10772,"href":"https:\/\/www.yenisehirtso.org.tr\/v5\/wp-json\/wp\/v2\/pages\/10604\/revisions\/10772"}],"wp:attachment":[{"href":"https:\/\/www.yenisehirtso.org.tr\/v5\/wp-json\/wp\/v2\/media?parent=10604"}],"curies":[{"name":"wp","href":"https:\/\/api.w.org\/{rel}","templated":true}]}}