{"id":5125,"date":"2013-01-27T21:18:53","date_gmt":"2013-01-27T21:18:53","guid":{"rendered":"http:\/\/muffingroup.com\/dev8624\/bretheon\/?page_id=5125"},"modified":"2025-07-01T09:13:51","modified_gmt":"2025-07-01T09:13:51","slug":"our-team-example-2","status":"publish","type":"page","link":"https:\/\/www.yenisehirtso.org.tr\/v5\/pages\/our-team\/our-team-example-2\/","title":{"rendered":"Y\u00f6netim Kurulu"},"content":{"rendered":"<table>\n<tbody>\n<tr>\n<td width=\"235\"><\/td>\n<td width=\"499\"><\/td>\n<\/tr>\n<\/tbody>\n<\/table>\n<table>\n<tbody>\n<tr>\n<td width=\"235\"><img decoding=\"async\" loading=\"lazy\" class=\"aligncenter size-large wp-image-11118\" src=\"http:\/\/www.yenisehirtso.org.tr\/v5\/wp-content\/uploads\/2025\/07\/orhan-torun-1024x1024.png\" alt=\"\" width=\"887\" height=\"887\" srcset=\"https:\/\/www.yenisehirtso.org.tr\/v5\/wp-content\/uploads\/2025\/07\/orhan-torun-1024x1024.png 1024w, https:\/\/www.yenisehirtso.org.tr\/v5\/wp-content\/uploads\/2025\/07\/orhan-torun-300x300.png 300w, https:\/\/www.yenisehirtso.org.tr\/v5\/wp-content\/uploads\/2025\/07\/orhan-torun-150x150.png 150w, https:\/\/www.yenisehirtso.org.tr\/v5\/wp-content\/uploads\/2025\/07\/orhan-torun-768x768.png 768w, https:\/\/www.yenisehirtso.org.tr\/v5\/wp-content\/uploads\/2025\/07\/orhan-torun-1536x1536.png 1536w, https:\/\/www.yenisehirtso.org.tr\/v5\/wp-content\/uploads\/2025\/07\/orhan-torun-2048x2048.png 2048w, https:\/\/www.yenisehirtso.org.tr\/v5\/wp-content\/uploads\/2025\/07\/orhan-torun-55x55.png 55w, https:\/\/www.yenisehirtso.org.tr\/v5\/wp-content\/uploads\/2025\/07\/orhan-torun-947x947.png 947w, https:\/\/www.yenisehirtso.org.tr\/v5\/wp-content\/uploads\/2025\/07\/orhan-torun-624x624.png 624w\" sizes=\"(max-width: 887px) 100vw, 887px\" \/><\/td>\n<td width=\"499\">\n<table>\n<tbody>\n<tr>\n<td width=\"484\">\n<h3><strong>Orhan TORUN<\/strong><\/h3>\n<\/td>\n<\/tr>\n<tr>\n<td width=\"484\">\n<ul>\n<li><span style=\"color: #000000;\"><strong>Y\u00f6netim Kurulu Ba\u015fkan\u0131<\/strong><\/span><\/li>\n<\/ul>\n<\/td>\n<\/tr>\n<tr>\n<td width=\"484\">\n<ul>\n<li>Yen-Kar Torunlar Kar. San. Ltd. \u015eti.<\/li>\n<\/ul>\n<\/td>\n<\/tr>\n<tr>\n<td width=\"484\">\n<ul>\n<li>K\u00fc\u00e7\u00fck Sanayi Sitesi U Blok No.1 Yeni\u015fehir \/ BURSA<\/li>\n<\/ul>\n<\/td>\n<\/tr>\n<tr>\n<td width=\"484\">\n<ul>\n<li>0224 773 03 17<\/li>\n<\/ul>\n<\/td>\n<\/tr>\n<\/tbody>\n<\/table>\n<\/td>\n<\/tr>\n<\/tbody>\n<\/table>\n<table>\n<tbody>\n<tr>\n<td width=\"235\"><\/td>\n<td width=\"499\"><\/td>\n<\/tr>\n<\/tbody>\n<\/table>\n<table>\n<tbody>\n<tr>\n<td style=\"text-align: center;\" width=\"235\"><img decoding=\"async\" loading=\"lazy\" class=\"aligncenter size-large wp-image-10965\" src=\"http:\/\/www.yenisehirtso.org.tr\/v5\/wp-content\/uploads\/2025\/01\/25-1024x1024.png\" alt=\"\" width=\"887\" height=\"887\" srcset=\"https:\/\/www.yenisehirtso.org.tr\/v5\/wp-content\/uploads\/2025\/01\/25-1024x1024.png 1024w, https:\/\/www.yenisehirtso.org.tr\/v5\/wp-content\/uploads\/2025\/01\/25-300x300.png 300w, https:\/\/www.yenisehirtso.org.tr\/v5\/wp-content\/uploads\/2025\/01\/25-150x150.png 150w, https:\/\/www.yenisehirtso.org.tr\/v5\/wp-content\/uploads\/2025\/01\/25-768x768.png 768w, https:\/\/www.yenisehirtso.org.tr\/v5\/wp-content\/uploads\/2025\/01\/25-55x55.png 55w, https:\/\/www.yenisehirtso.org.tr\/v5\/wp-content\/uploads\/2025\/01\/25-947x947.png 947w, https:\/\/www.yenisehirtso.org.tr\/v5\/wp-content\/uploads\/2025\/01\/25-624x624.png 624w, https:\/\/www.yenisehirtso.org.tr\/v5\/wp-content\/uploads\/2025\/01\/25.png 1080w\" sizes=\"(max-width: 887px) 100vw, 887px\" \/><\/td>\n<td width=\"499\">\n<table>\n<tbody>\n<tr>\n<td width=\"484\">\n<h3><strong>Hakk\u0131 \u00c7ET\u0130N<\/strong><\/h3>\n<\/td>\n<\/tr>\n<tr>\n<td width=\"484\">\n<ul>\n<li><strong>Y\u00f6netim Kurulu Ba\u015fkan Yard\u0131mc\u0131s\u0131<\/strong><\/li>\n<\/ul>\n<\/td>\n<\/tr>\n<tr>\n<td width=\"484\">\n<ul>\n<li>S.S.307 Say\u0131l\u0131 Yeni\u015fehir Ya\u011fl\u0131 Tohumlar Tar\u0131m Sat\u0131\u015f Koop.<\/li>\n<\/ul>\n<\/td>\n<\/tr>\n<tr>\n<td width=\"484\">\n<ul>\n<li>Yol\u00f6ren Mah.\u00a0 Yeni\u015fehir \/ BURSA<\/li>\n<\/ul>\n<\/td>\n<\/tr>\n<tr>\n<td width=\"484\">\n<ul>\n<li>Tel: 0224 773 02 55\u00a0 \u00a0Cep: 0532 466 88 64<\/li>\n<\/ul>\n<\/td>\n<\/tr>\n<\/tbody>\n<\/table>\n<\/td>\n<\/tr>\n<\/tbody>\n<\/table>\n<table>\n<tbody>\n<tr>\n<td width=\"235\"><\/td>\n<td width=\"499\"><\/td>\n<\/tr>\n<\/tbody>\n<\/table>\n<table>\n<tbody>\n<tr>\n<td width=\"235\"><img decoding=\"async\" loading=\"lazy\" class=\"aligncenter size-large wp-image-10969\" src=\"http:\/\/www.yenisehirtso.org.tr\/v5\/wp-content\/uploads\/2025\/01\/22-1024x1024.png\" alt=\"\" width=\"887\" height=\"887\" srcset=\"https:\/\/www.yenisehirtso.org.tr\/v5\/wp-content\/uploads\/2025\/01\/22-1024x1024.png 1024w, https:\/\/www.yenisehirtso.org.tr\/v5\/wp-content\/uploads\/2025\/01\/22-300x300.png 300w, https:\/\/www.yenisehirtso.org.tr\/v5\/wp-content\/uploads\/2025\/01\/22-150x150.png 150w, https:\/\/www.yenisehirtso.org.tr\/v5\/wp-content\/uploads\/2025\/01\/22-768x768.png 768w, https:\/\/www.yenisehirtso.org.tr\/v5\/wp-content\/uploads\/2025\/01\/22-55x55.png 55w, https:\/\/www.yenisehirtso.org.tr\/v5\/wp-content\/uploads\/2025\/01\/22-947x947.png 947w, https:\/\/www.yenisehirtso.org.tr\/v5\/wp-content\/uploads\/2025\/01\/22-624x624.png 624w, https:\/\/www.yenisehirtso.org.tr\/v5\/wp-content\/uploads\/2025\/01\/22.png 1080w\" sizes=\"(max-width: 887px) 100vw, 887px\" \/><\/td>\n<td width=\"499\">\n<table>\n<tbody>\n<tr>\n<td width=\"484\">\n<h3><strong>Ahmet \u00c7ORAP<\/strong><\/h3>\n<\/td>\n<\/tr>\n<tr>\n<td width=\"484\">\n<ul>\n<li><strong>Sayman \u00dcye<\/strong><\/li>\n<\/ul>\n<\/td>\n<\/tr>\n<tr>\n<td width=\"484\">\n<ul>\n<li>\u00c7orap\u00e7\u0131lar Kuyumculuk<\/li>\n<\/ul>\n<\/td>\n<\/tr>\n<tr>\n<td width=\"484\">\n<ul>\n<li>Ulucami Mah. Arasta Sk. No:8 Yeni\u015fehir \/ BURSA<\/li>\n<\/ul>\n<\/td>\n<\/tr>\n<tr>\n<td width=\"484\">\n<ul>\n<li>0224 773 04 50<\/li>\n<\/ul>\n<\/td>\n<\/tr>\n<\/tbody>\n<\/table>\n<\/td>\n<\/tr>\n<\/tbody>\n<\/table>\n<table>\n<tbody>\n<tr>\n<td width=\"235\"><\/td>\n<td width=\"499\"><\/td>\n<\/tr>\n<\/tbody>\n<\/table>\n<table>\n<tbody>\n<tr>\n<td width=\"235\"><img decoding=\"async\" loading=\"lazy\" class=\"aligncenter size-large wp-image-10977\" src=\"http:\/\/www.yenisehirtso.org.tr\/v5\/wp-content\/uploads\/2025\/01\/16-1024x1024.jpg\" alt=\"\" width=\"887\" height=\"887\" srcset=\"https:\/\/www.yenisehirtso.org.tr\/v5\/wp-content\/uploads\/2025\/01\/16-1024x1024.jpg 1024w, https:\/\/www.yenisehirtso.org.tr\/v5\/wp-content\/uploads\/2025\/01\/16-300x300.jpg 300w, https:\/\/www.yenisehirtso.org.tr\/v5\/wp-content\/uploads\/2025\/01\/16-150x150.jpg 150w, https:\/\/www.yenisehirtso.org.tr\/v5\/wp-content\/uploads\/2025\/01\/16-768x768.jpg 768w, https:\/\/www.yenisehirtso.org.tr\/v5\/wp-content\/uploads\/2025\/01\/16-55x55.jpg 55w, https:\/\/www.yenisehirtso.org.tr\/v5\/wp-content\/uploads\/2025\/01\/16-947x947.jpg 947w, https:\/\/www.yenisehirtso.org.tr\/v5\/wp-content\/uploads\/2025\/01\/16-624x624.jpg 624w, https:\/\/www.yenisehirtso.org.tr\/v5\/wp-content\/uploads\/2025\/01\/16.jpg 1080w\" sizes=\"(max-width: 887px) 100vw, 887px\" \/><\/td>\n<td width=\"499\">\n<table>\n<tbody>\n<tr>\n<td width=\"484\">\n<h3><strong>Ergin EREN<\/strong><\/h3>\n<\/td>\n<\/tr>\n<tr>\n<td width=\"484\">\n<ul>\n<li><strong>Y\u00f6netim Kurulu \u00dcyesi<\/strong><\/li>\n<\/ul>\n<\/td>\n<\/tr>\n<tr>\n<td width=\"484\">\n<ul>\n<li>Er-Kar Teknik Makina Akar. Ta\u015f. \u0130n\u015f. San. Ve Tic. Ltd. \u015eti.<\/li>\n<\/ul>\n<\/td>\n<\/tr>\n<tr>\n<td width=\"484\">\n<ul>\n<li>Y\u00fcz\u00fcnc\u00fcy\u0131l Mah. 7. Sk. KSS Sit. No:15 Yeni\u015fehir \/ BURSA<\/li>\n<\/ul>\n<\/td>\n<\/tr>\n<tr>\n<td width=\"484\">\n<ul>\n<li>0224 773 39 51<\/li>\n<\/ul>\n<\/td>\n<\/tr>\n<\/tbody>\n<\/table>\n<\/td>\n<\/tr>\n<\/tbody>\n<\/table>\n<table>\n<tbody>\n<tr>\n<td width=\"235\"><\/td>\n<td width=\"499\"><\/td>\n<\/tr>\n<\/tbody>\n<\/table>\n<table>\n<tbody>\n<tr>\n<td width=\"235\"><img decoding=\"async\" loading=\"lazy\" class=\"aligncenter size-large wp-image-10972\" src=\"http:\/\/www.yenisehirtso.org.tr\/v5\/wp-content\/uploads\/2025\/01\/1-1024x1024.jpg\" alt=\"\" width=\"887\" height=\"887\" srcset=\"https:\/\/www.yenisehirtso.org.tr\/v5\/wp-content\/uploads\/2025\/01\/1-1024x1024.jpg 1024w, https:\/\/www.yenisehirtso.org.tr\/v5\/wp-content\/uploads\/2025\/01\/1-300x300.jpg 300w, https:\/\/www.yenisehirtso.org.tr\/v5\/wp-content\/uploads\/2025\/01\/1-150x150.jpg 150w, https:\/\/www.yenisehirtso.org.tr\/v5\/wp-content\/uploads\/2025\/01\/1-768x768.jpg 768w, https:\/\/www.yenisehirtso.org.tr\/v5\/wp-content\/uploads\/2025\/01\/1-55x55.jpg 55w, https:\/\/www.yenisehirtso.org.tr\/v5\/wp-content\/uploads\/2025\/01\/1-947x947.jpg 947w, https:\/\/www.yenisehirtso.org.tr\/v5\/wp-content\/uploads\/2025\/01\/1-624x624.jpg 624w, https:\/\/www.yenisehirtso.org.tr\/v5\/wp-content\/uploads\/2025\/01\/1.jpg 1080w\" sizes=\"(max-width: 887px) 100vw, 887px\" \/><\/td>\n<td width=\"499\">\n<table>\n<tbody>\n<tr>\n<td width=\"484\">\n<h3><strong>Hakan AKG\u00dcN<\/strong><\/h3>\n<\/td>\n<\/tr>\n<tr>\n<td width=\"484\">\n<ul>\n<li><strong>Y\u00f6netim Kurulu \u00dcyesi<\/strong><\/li>\n<\/ul>\n<\/td>\n<\/tr>\n<tr>\n<td width=\"484\">\n<ul>\n<li>Akg\u00fcn Tar\u0131m \u00dcr\u00fcnleri \u0130th. \u0130hr. Ltd. \u015eti.<\/li>\n<\/ul>\n<\/td>\n<\/tr>\n<tr>\n<td width=\"484\">\n<ul>\n<li>Karak\u00f6y Mah. K\u00f6yi\u00e7i No:99 Yeni\u015fehir \/ BURSA<\/li>\n<\/ul>\n<\/td>\n<\/tr>\n<tr>\n<td width=\"484\">\n<ul>\n<li>0224 791 50 46<\/li>\n<\/ul>\n<\/td>\n<\/tr>\n<\/tbody>\n<\/table>\n<\/td>\n<\/tr>\n<\/tbody>\n<\/table>\n<p>&nbsp;<\/p>\n<p>&nbsp;<\/p>\n","protected":false},"excerpt":{"rendered":"<p>Orhan TORUN Y\u00f6netim Kurulu Ba\u015fkan\u0131 Yen-Kar Torunlar Kar. San. Ltd. \u015eti. K\u00fc\u00e7\u00fck Sanayi Sitesi U Blok No.1 Yeni\u015fehir \/ BURSA 0224 773 03 17 Hakk\u0131 \u00c7ET\u0130N Y\u00f6netim Kurulu Ba\u015fkan Yard\u0131mc\u0131s\u0131 [&hellip;]<\/p>\n","protected":false},"author":1,"featured_media":0,"parent":3716,"menu_order":0,"comment_status":"open","ping_status":"open","template":"","meta":[],"_links":{"self":[{"href":"https:\/\/www.yenisehirtso.org.tr\/v5\/wp-json\/wp\/v2\/pages\/5125"}],"collection":[{"href":"https:\/\/www.yenisehirtso.org.tr\/v5\/wp-json\/wp\/v2\/pages"}],"about":[{"href":"https:\/\/www.yenisehirtso.org.tr\/v5\/wp-json\/wp\/v2\/types\/page"}],"author":[{"embeddable":true,"href":"https:\/\/www.yenisehirtso.org.tr\/v5\/wp-json\/wp\/v2\/users\/1"}],"replies":[{"embeddable":true,"href":"https:\/\/www.yenisehirtso.org.tr\/v5\/wp-json\/wp\/v2\/comments?post=5125"}],"version-history":[{"count":31,"href":"https:\/\/www.yenisehirtso.org.tr\/v5\/wp-json\/wp\/v2\/pages\/5125\/revisions"}],"predecessor-version":[{"id":11119,"href":"https:\/\/www.yenisehirtso.org.tr\/v5\/wp-json\/wp\/v2\/pages\/5125\/revisions\/11119"}],"up":[{"embeddable":true,"href":"https:\/\/www.yenisehirtso.org.tr\/v5\/wp-json\/wp\/v2\/pages\/3716"}],"wp:attachment":[{"href":"https:\/\/www.yenisehirtso.org.tr\/v5\/wp-json\/wp\/v2\/media?parent=5125"}],"curies":[{"name":"wp","href":"https:\/\/api.w.org\/{rel}","templated":true}]}}