{"id":8638,"date":"2013-07-18T14:26:33","date_gmt":"2013-07-18T14:26:33","guid":{"rendered":"http:\/\/yenisehirtso.org.tr\/v4\/?page_id=8638"},"modified":"2013-07-18T14:26:33","modified_gmt":"2013-07-18T14:26:33","slug":"uyelik-avantajlari","status":"publish","type":"page","link":"https:\/\/www.yenisehirtso.org.tr\/v5\/uyelik-avantajlari\/","title":{"rendered":"\u00dcyelik Avantajlar\u0131"},"content":{"rendered":"<p>Kanuni bir zorunluluk olman\u0131n d\u0131\u015f\u0131nda Yeni\u015fehir Ticaret ve Sanayi Odas\u0131\u2019na \u00fcyeli\u011fin pek \u00e7ok avantajlar\u0131 bulunmaktad\u0131r.<\/p>\n<p>Bu avantajlar,<\/p>\n<ul>\n<li>Yurti\u00e7i ve yurtd\u0131\u015f\u0131 fuarlarda Odam\u0131z standlar\u0131 alt\u0131nda firmalar\u0131n\u0131 ve \u00fcr\u00fcnlerini tan\u0131tma.<\/li>\n<li>Odam\u0131z fuar organizasyonlar\u0131ndan faydalanma.<\/li>\n<li>Odam\u0131z yay\u0131nlar\u0131ndan faydalanma.<\/li>\n<li>Mevzuat de\u011fi\u015fiklikleri ve ticari hayat\u0131 ilgilendiren duyurular\u0131m\u0131zdan ivedi \u015fekilde haberdar edilme.<\/li>\n<li>Odam\u0131z k\u00fct\u00fcphanesinden yararlanma.<\/li>\n<li>Yurtd\u0131\u015f\u0131 i\u015f teklifleri , yurtd\u0131\u015f\u0131 fuarlar ve ihalelerle ilgili bilgilendirilme.<\/li>\n<li>\u0130hracat\u00e7\u0131lar\u0131n men\u015fe \u015fehadetnameleri ve dola\u015f\u0131m belgelerinin tanzim,kontrol ve onay i\u015flemleri .<\/li>\n<li>\u0130thalat ve ihracatla ilgili t\u00fcm fatura, belge vb.\u2019nin suret onaylar\u0131.<\/li>\n<li>D\u0131\u015f ticaret i\u015flemlerinin gerektirdi\u011fi hallerde eksper ve bilirki\u015fi tayini ve rapor d\u00fczenlenmesi.<\/li>\n<li>D\u0131\u015f anla\u015fmazl\u0131klarda anla\u015fmazl\u0131\u011f\u0131n giderilmesi i\u00e7in gerekli giri\u015fimler ve arabuluculuk hizmetlerinden yararlanma.<\/li>\n<li>Uluslararas\u0131 kara yolu ile y\u00fck ta\u015f\u0131mas\u0131 yapan nakliye firmalar\u0131 i\u00e7in TIR KARNES\u0130 da\u011f\u0131t\u0131m\u0131n\u0131n yap\u0131lmas\u0131.<\/li>\n<li>\u0130malat\u00e7\u0131 \u00fcyelerin kapasite raporlar\u0131n\u0131n d\u00fczenlenmesi, onaylanmas\u0131 ve Odalar Birli\u011fi\u2019ne g\u00f6nderilmesi.<\/li>\n<li>Tek imalat\u00e7\u0131 belge taleplerinin incelenerek sonu\u00e7land\u0131r\u0131lmas\u0131.<\/li>\n<li>\u0130\u015f makinalar\u0131n\u0131n tescil ve tasdik i\u015flemleri<\/li>\n<li>Kobi kredi onay formlar\u0131 tasdiki,\u0130thalat ile ekspertiz i\u015flemleri<\/li>\n<li>Sanayici firmalar\u0131n \u00fcretim sonucu olu\u015fan fire ve zayiat raporlar\u0131 ile ilgili ekspertiz i\u015flemleri.<\/li>\n<li>\u0130malat\u00e7\u0131 firmalar\u0131n \u00fcretim ve t\u00fcketim durumlar\u0131n\u0131 g\u00f6sterir belgeler.<\/li>\n<li>\u0130\u00e7 piyasa rayi\u00e7 fiyatlar\u0131 hakk\u0131nda rapor ve bilgi alma.<\/li>\n<li>Onay\u0131 istenen faturalar\u0131n rayice uygun olup olmad\u0131\u011f\u0131n\u0131n do\u011frulanmas\u0131.<\/li>\n<li>Fiyat tahminleri yapar, fiyat bildiri mektuplar\u0131n\u0131 ve Yed-i Vahit belgelerini tanzim edilmesi.<\/li>\n<li>Gayrimenkul ve menkul de\u011ferlerin rayi\u00e7 tespiti.<\/li>\n<li>Firmalar\u0131n \u00e7e\u015fitli ticari i\u015flemleri i\u00e7in gerekli ve baz\u0131 hallerde al\u0131nmas\u0131 zorunlu olan sicil belgesi, ikamet belgesi vs. sicil kay\u0131tlar\u0131na dayanan belgelerin verilmesi.<\/li>\n<li>Firma sahip ve ortaklar\u0131n\u0131n Ba\u011f-Kur ile ilgili t\u00fcm formlar\u0131n haz\u0131rlanmas\u0131 ve onaylanmas\u0131.<\/li>\n<li>Ustal\u0131k, \u00e7\u0131rakl\u0131k, kalfal\u0131k vb. s\u00f6zle\u015fmelerinin onaylar\u0131n\u0131n yap\u0131lmas\u0131.<\/li>\n<li>\u00dcye kimlik kart\u0131 ile T\u00fcrkiye\u2019nin bir\u00e7ok yerindeki otellerde indirimli olarak konaklama imkan\u0131 (Oda \u00fcyelik kimlik kart\u0131 temin etmek i\u00e7in Oda Sicil Servisi\u2019ne m\u00fcracaat edilmesi gerekmektedir.)<\/li>\n<li>Ba\u015far\u0131l\u0131 firmalar\u0131n \u00f6d\u00fcllendirilmesi.<\/li>\n<\/ul>\n","protected":false},"excerpt":{"rendered":"<p>Kanuni bir zorunluluk olman\u0131n d\u0131\u015f\u0131nda Yeni\u015fehir Ticaret ve Sanayi Odas\u0131\u2019na \u00fcyeli\u011fin pek \u00e7ok avantajlar\u0131 bulunmaktad\u0131r. Bu avantajlar, Yurti\u00e7i ve yurtd\u0131\u015f\u0131 fuarlarda Odam\u0131z standlar\u0131 alt\u0131nda firmalar\u0131n\u0131 ve \u00fcr\u00fcnlerini tan\u0131tma. Odam\u0131z fuar [&hellip;]<\/p>\n","protected":false},"author":1,"featured_media":0,"parent":0,"menu_order":0,"comment_status":"closed","ping_status":"closed","template":"","meta":[],"_links":{"self":[{"href":"https:\/\/www.yenisehirtso.org.tr\/v5\/wp-json\/wp\/v2\/pages\/8638"}],"collection":[{"href":"https:\/\/www.yenisehirtso.org.tr\/v5\/wp-json\/wp\/v2\/pages"}],"about":[{"href":"https:\/\/www.yenisehirtso.org.tr\/v5\/wp-json\/wp\/v2\/types\/page"}],"author":[{"embeddable":true,"href":"https:\/\/www.yenisehirtso.org.tr\/v5\/wp-json\/wp\/v2\/users\/1"}],"replies":[{"embeddable":true,"href":"https:\/\/www.yenisehirtso.org.tr\/v5\/wp-json\/wp\/v2\/comments?post=8638"}],"version-history":[{"count":0,"href":"https:\/\/www.yenisehirtso.org.tr\/v5\/wp-json\/wp\/v2\/pages\/8638\/revisions"}],"wp:attachment":[{"href":"https:\/\/www.yenisehirtso.org.tr\/v5\/wp-json\/wp\/v2\/media?parent=8638"}],"curies":[{"name":"wp","href":"https:\/\/api.w.org\/{rel}","templated":true}]}}