{"id":8639,"date":"2013-07-18T14:26:45","date_gmt":"2013-07-18T14:26:45","guid":{"rendered":"http:\/\/yenisehirtso.org.tr\/v4\/?page_id=8639"},"modified":"2013-07-18T14:26:45","modified_gmt":"2013-07-18T14:26:45","slug":"kayit-mecburiyeti","status":"publish","type":"page","link":"https:\/\/www.yenisehirtso.org.tr\/v5\/kayit-mecburiyeti\/","title":{"rendered":"Kay\u0131t Mecburiyeti"},"content":{"rendered":"<p><strong>5174 Say\u0131l\u0131 Kanunun 9. maddesine g\u00f6re Ticaret Siciline kay\u0131tl\u0131 tacir ve bu Kanuna g\u00f6re sanayici s\u0131fat\u0131n\u0131 haiz t\u00fcm ger\u00e7ek ve t\u00fczel ki\u015filerle \u015fubeler ve fabrikalar\u0131, bulunduklar\u0131 yerin bu Kanun gere\u011fince mensup olacaklar\u0131 odalar\u0131na veya ajanl\u0131klar\u0131na kaydolunmaya mecburdurlar.\u00a0<\/strong><\/p>\n<p>Sermayesinin tamam\u0131 Devlete ve \u00d6zel \u0130darelere veya belediyelere veya bunlar\u0131n ortakl\u0131\u011f\u0131na ait olan \u0130ktisadi M\u00fcesseselerle bunlar\u0131n \u015fubeleri, \u00f6zel kanun veya s\u00f6zle\u015fme ile kurulmu\u015f olup, Devletin ve \u00d6zel \u0130darelerin veya Belediyenin i\u015ftiraki bulunan t\u00fczel ki\u015fili\u011fe haiz m\u00fcesseseler veya bunlar\u0131n \u015fubeleri ve fabrikalar\u0131 bulunduklar\u0131 yerin Odalar\u0131na kaydolunmaya mecburdurlar.<\/p>\n<p>Bir merkeze ba\u011fl\u0131 oldu\u011fu halde m\u00fcstakil sermayesi ve m\u00fcstakil muhasebesi bulunan veya muhasebesi merkezde tutuldu\u011fu ve m\u00fcstakil sermayesi olmad\u0131\u011f\u0131 halde kendi ba\u015f\u0131na ticari muamele yapan yerler \u015fube addolunur. Sanayi Odalar\u0131 kurulan yerlerde, bu Kanunun tarifine uyan sanayiciler, Sanayi Odalar\u0131na kaydolundu\u011funda Ticaret Odalar\u0131na kaydolunma m\u00fckellefiyetini yerine getirmi\u015f olurlar. Ancak sanayiciler kendi Sanayi mamullerini satmak \u00fczere birden fazla sat\u0131\u015f yeri a\u00e7t\u0131klar\u0131 takdirde fazlas\u0131 i\u00e7in sat\u0131\u015f yerlerinin bulundu\u011fu Ticaret Odalar\u0131 veya Ticaret ve Sanayi Odalar\u0131na da kaydolunmaya mecburdurlar.<\/p>\n<p>Sanayici, kendi Sanayi mamullerinin sat\u0131\u015f\u0131 d\u0131\u015f\u0131nda ba\u015fka ticari i\u015flerle u\u011fra\u015ft\u0131\u011f\u0131 takdirde Ticaret Odas\u0131na da kaydolunmaya mecburdur. Sanayi i\u015fletmesi sahiplerinin, i\u015flerinin icab\u0131 olarak me\u015fgul olduklar\u0131 Ticaret i\u015fleri bunlar\u0131n sanayici s\u0131fat\u0131n\u0131 kald\u0131rmaz. Bu gibiler arzu ettikleri takdirde Ticaret Odalar\u0131na da girmekte muhtard\u0131rlar.<\/p>\n<p>Deniz ticareti ile u\u011fra\u015fan a\u015fa\u011f\u0131da yaz\u0131l\u0131 Ticaret Siciline kay\u0131tl\u0131 ger\u00e7ek ve t\u00fczel ki\u015filer, Deniz Ticaret Odas\u0131na kaydolma zorunlulu\u011fundad\u0131rlar.<\/p>\n<p>Gemi sahipleri, donatanlar ve donatma i\u015ftirakleri, gemi i\u015fletenler,<\/p>\n<p>a. Gemi acenteleri<br \/>\nb. Gemi al\u0131m sat\u0131m navlun komisyoncular\u0131, forvarderler<br \/>\nc. Stivedor ve puantaj firmalar\u0131<br \/>\nd. Gemi klas m\u00fcesseseleri, deniz sigorta m\u00fcesseseleri ve acenteleri ile deniz ekspertiz kurulu\u015flar\u0131 ve s\u00fcrvey\u00f6rleri<br \/>\ne. Deniz malzemesi, kumanyac\u0131lar ve Sanayi malzemesi al\u0131m sat\u0131m\u0131 yapan firmalar, bunker i\u015fiyle u\u011fra\u015fan firmalar, (***)<br \/>\nf. Marina ve liman i\u015fletme firmalar\u0131, (***)<br \/>\ng. Bal\u0131k\u00e7\u0131l\u0131kla ilgili gemi i\u015fleten firmalar, (***)<br \/>\nh. \u0130PTAL (*****)<\/p>\n<p>(**) Deniz ticareti ile u\u011fra\u015fan, sermayesinin tamam\u0131 Devlete, Belediyelere veya \u00d6zel \u0130dare yahut bunlar\u0131n ortakl\u0131\u011f\u0131na ait olan \u0130ktisadi M\u00fcesseselerle, \u00f6zel kanun veya s\u00f6zle\u015fme ile kurulmu\u015f olup Devletin, \u0130ktisadi Devlet Te\u015fekk\u00fcllerinin, \u00d6zel \u0130dare veya Belediyelerin i\u015ftiraki bulunan t\u00fczel ki\u015fili\u011fe haiz m\u00fcesseseler, bulunduklar\u0131 \u0130lin Deniz Ticaret Odas\u0131na kaydolmakla m\u00fckelleftirler.<\/p>\n<p><strong>NOT:\u00a0<\/strong><br \/>\n1. 6233 say\u0131l\u0131 Kanunla de\u011fitirilen madde veya f\u0131kralar\u0131n yan\u0131na (*)<br \/>\n2. 2567 say\u0131l\u0131 Kanunla de\u011fi\u015ftirilen madde veya f\u0131kralar\u0131n yan\u0131na (**)<br \/>\n3. 3277 say\u0131l\u0131 Kanunla de\u011fi\u015ftirilen madde veya f\u0131kralar\u0131n yan\u0131na (***)<br \/>\n4. 3452 say\u0131l\u0131 Kanunla de\u011fi\u015ftirilen madde veya f\u0131klalar\u0131n yan\u0131na (****)<\/p>\n<p><strong>\u0130PTAL:<\/strong>\u00a0Bu madde 27\/06\/1995 Resmi Gazete tarihli 557 Say\u0131l\u0131 KHK ile de\u011fi\u015ftirilmi\u015f, ancak 557 say\u0131l\u0131 KHK\u2019nin Anayasa Mahkemesi\u2019nin 20\/09\/1995 tarih ve 1995\/43 E, 1995\/46 K say\u0131l\u0131 karar\u0131 ile iptal edilmesiyle y\u00fcr\u00fcrl\u00fckten kalkm\u0131\u015ft\u0131r.<\/p>\n<p>Ticaret Sicili\u2019ne tescil ve ilan\u0131n\u0131 yap\u0131ld\u0131ktan sonra, 6762 Say\u0131l\u0131 T\u00fcrk Ticaret Kanunu, 5174 Say\u0131l\u0131 T\u00fcrkiye Odalar ve Borsalar Birli\u011fi Kanunu ile ilgili t\u00fcz\u00fck ve y\u00f6netmelikler h\u00fck\u00fcmleri gere\u011fince ger\u00e7ek ve t\u00fczel ki\u015filerin Odaya da kay\u0131t yapt\u0131rmalar\u0131 gerekmektedir.<\/p>\n<p><strong>NOT:\u00a0<\/strong><br \/>\nEczaneler ve Mali M\u00fc\u015favirlik \u015eirketlerinin Odaya kay\u0131t olma zorunlulu\u011fu olmamas\u0131 nedeniyle talep edildi\u011fi takdirde kay\u0131t yap\u0131lmaktad\u0131r.<\/p>\n<p><strong>Tacir, Ger\u00e7ek Ki\u015fi Tacir, Tacir-Esnaf Ay\u0131r\u0131m\u0131, T\u00fczel Ki\u015fi Tacir\u00a0<\/strong><\/p>\n<p>Ger\u00e7ek ki\u015fi tacir: T\u00fcrk Ticaret Kanunu\u2019nun 14.maddesine g\u00f6re bir ticari i\u015fletmeyi k\u0131smen bile olsa kendi ad\u0131na i\u015fleten kimse tacir say\u0131lmaktad\u0131r.<\/p>\n<p>Bu tan\u0131m gere\u011fince ger\u00e7ek ki\u015filerin tacir niteli\u011fini kazanabilmesi i\u00e7in bir ticari i\u015fletmenin var olmas\u0131, bu ticari i\u015fletmenin i\u015fletilmesi, ticari i\u015fletmenin k\u0131smen de olsa kendisi ad\u0131na i\u015fletmesidir.<\/p>\n<p>Tacir esnaf ayr\u0131m\u0131: 507 say\u0131l\u0131 Esnaf ve K\u00fc\u00e7\u00fck Sanatkarlar Kanunu\u2019nun 2. ve De\u011fi\u015fik 6. Maddeleriyle 6762 say\u0131l\u0131 T\u00fcrk Ticaret Kanunu\u2019nun 12 ve 17. maddelerinin uygulanmas\u0131 bak\u0131m\u0131ndan, Esnaf ve K\u00fc\u00e7\u00fck Sanatkarlar ile Tacir ve Sanayicinin ayr\u0131m\u0131na ili\u015fkin esaslar, Esnaf ve K\u00fc\u00e7\u00fck Sanatkar ile Tacir ve Sanayiciyi belirleme Koordinasyon Kurulu\u2019nun 14\/01\/1985 tarihli ve 5 say\u0131l\u0131 karar\u0131na istinaden Bakanlar kurulunca Resmi Gazetede yay\u0131mlanm\u0131\u015ft\u0131r.<\/p>\n<p>Bu karara g\u00f6re Koordinasyon Kurulunca tespit ve yay\u0131mlanacak esnaf ve k\u00fc\u00e7\u00fck sanatkar kollar\u0131na dahil olan ve gelir vergisinden muaf olanlarla, kazan\u00e7lar\u0131 g\u00f6t\u00fcr\u00fc usulde vergilendirilenler, i\u015fletme hesab\u0131na g\u00f6re defter tutanlardan iktisadi faaliyetleri nakdi sermayelerinden ziyade bedeni \u00e7al\u0131\u015fmalar\u0131na dayanan ve kazan\u00e7lar\u0131 ancak ge\u00e7imlerini sa\u011flamaya yetecek derecede az olan ve Vergi Usul Kanunu\u2019nun 177. maddesinin 1.F\u0131kras\u0131n\u0131n 1 ve 3 numaral\u0131 bentlerinde yer alan nakdi limitlerin yar\u0131s\u0131n\u0131, 2 numaral\u0131 bendinde yaz\u0131l\u0131 nakdi limitin tamam\u0131n\u0131 a\u015fmayanlar Esnaf ve K\u00fc\u00e7\u00fck Sanatkar.<\/p>\n<p>Vergi Usul Kanunu\u2019na istinaden 1. s\u0131n\u0131f tacir say\u0131lan ve bilan\u00e7o esas\u0131na g\u00f6re defter tutanlar ile i\u015fletme hesab\u0131na g\u00f6re defter tutan ve 1. maddede belirtilenlerin d\u0131\u015f\u0131nda kalanlar Tacir ve Sanayici say\u0131lmaktad\u0131r. Di\u011fer bir anlat\u0131mla, ger\u00e7ek usulde vergilendirilenlerden Vergi Usul Kanunu gere\u011fince 1. s\u0131n\u0131f tacir say\u0131lan, bilan\u00e7o esas\u0131na g\u00f6re defter tutanlarla i\u015fletme esas\u0131na g\u00f6re defter tutanlardan Vergi Usul Kanunu\u2019nun 177. maddesinin birinci f\u0131kras\u0131n\u0131n 1 ve 3 numaral\u0131 bentlerinde yer alan nakdi limitlerin yar\u0131s\u0131n\u0131, 2 numaral\u0131 bendindeki yaz\u0131l\u0131 limitin tamam\u0131n\u0131 a\u015fanlar TAC\u0130R say\u0131lmaktad\u0131r.<\/p>\n","protected":false},"excerpt":{"rendered":"<p>5174 Say\u0131l\u0131 Kanunun 9. maddesine g\u00f6re Ticaret Siciline kay\u0131tl\u0131 tacir ve bu Kanuna g\u00f6re sanayici s\u0131fat\u0131n\u0131 haiz t\u00fcm ger\u00e7ek ve t\u00fczel ki\u015filerle \u015fubeler ve fabrikalar\u0131, bulunduklar\u0131 yerin bu Kanun gere\u011fince [&hellip;]<\/p>\n","protected":false},"author":1,"featured_media":0,"parent":0,"menu_order":0,"comment_status":"closed","ping_status":"closed","template":"","meta":[],"_links":{"self":[{"href":"https:\/\/www.yenisehirtso.org.tr\/v5\/wp-json\/wp\/v2\/pages\/8639"}],"collection":[{"href":"https:\/\/www.yenisehirtso.org.tr\/v5\/wp-json\/wp\/v2\/pages"}],"about":[{"href":"https:\/\/www.yenisehirtso.org.tr\/v5\/wp-json\/wp\/v2\/types\/page"}],"author":[{"embeddable":true,"href":"https:\/\/www.yenisehirtso.org.tr\/v5\/wp-json\/wp\/v2\/users\/1"}],"replies":[{"embeddable":true,"href":"https:\/\/www.yenisehirtso.org.tr\/v5\/wp-json\/wp\/v2\/comments?post=8639"}],"version-history":[{"count":0,"href":"https:\/\/www.yenisehirtso.org.tr\/v5\/wp-json\/wp\/v2\/pages\/8639\/revisions"}],"wp:attachment":[{"href":"https:\/\/www.yenisehirtso.org.tr\/v5\/wp-json\/wp\/v2\/media?parent=8639"}],"curies":[{"name":"wp","href":"https:\/\/api.w.org\/{rel}","templated":true}]}}