{"id":8647,"date":"2013-07-19T05:35:12","date_gmt":"2013-07-19T05:35:12","guid":{"rendered":"http:\/\/yenisehirtso.org.tr\/v4\/?page_id=8647"},"modified":"2013-07-19T05:35:12","modified_gmt":"2013-07-19T05:35:12","slug":"disiplin-kurulu","status":"publish","type":"page","link":"https:\/\/www.yenisehirtso.org.tr\/v5\/disiplin-kurulu\/","title":{"rendered":"Disiplin Kurulu"},"content":{"rendered":"<table border=\"0\" width=\"371\" cellspacing=\"0\" cellpadding=\"0\">\n<tbody>\n<tr>\n<td width=\"371\" height=\"26\"><strong>YEN\u0130\u015eEH\u0130R T\u0130CARET VE SANAY\u0130 ODASI\u00a0D\u0130S\u0130PL\u0130N KURULU \u00dcYELER\u0130<\/strong><\/td>\n<\/tr>\n<\/tbody>\n<\/table>\n<p>&nbsp;<\/p>\n<table border=\"0\" width=\"371\" cellspacing=\"0\" cellpadding=\"0\">\n<colgroup>\n<col width=\"371\" \/> <\/colgroup>\n<tbody>\n<tr>\n<td width=\"371\" height=\"26\">FERD\u0130 TERCANLIO\u011eLU<\/td>\n<\/tr>\n<tr>\n<td height=\"26\">ABDURRAH\u0130M B\u0130NG\u00d6L<\/td>\n<\/tr>\n<tr>\n<td height=\"26\">\u0130LHAN S\u00dcL\u00dcN<\/td>\n<\/tr>\n<tr>\n<td height=\"26\">HAT\u0130CE KARAKA\u015e<\/td>\n<\/tr>\n<tr>\n<td height=\"26\">TUNCAY CAMCI<\/td>\n<\/tr>\n<tr>\n<td height=\"26\">MUSTAFA T\u00dcRKO\u011eLU<\/td>\n<\/tr>\n<\/tbody>\n<\/table>\n","protected":false},"excerpt":{"rendered":"<p>YEN\u0130\u015eEH\u0130R T\u0130CARET VE SANAY\u0130 ODASI\u00a0D\u0130S\u0130PL\u0130N KURULU \u00dcYELER\u0130 &nbsp; FERD\u0130 TERCANLIO\u011eLU ABDURRAH\u0130M B\u0130NG\u00d6L \u0130LHAN S\u00dcL\u00dcN HAT\u0130CE KARAKA\u015e TUNCAY CAMCI MUSTAFA T\u00dcRKO\u011eLU<\/p>\n","protected":false},"author":1,"featured_media":0,"parent":0,"menu_order":0,"comment_status":"closed","ping_status":"closed","template":"","meta":[],"_links":{"self":[{"href":"https:\/\/www.yenisehirtso.org.tr\/v5\/wp-json\/wp\/v2\/pages\/8647"}],"collection":[{"href":"https:\/\/www.yenisehirtso.org.tr\/v5\/wp-json\/wp\/v2\/pages"}],"about":[{"href":"https:\/\/www.yenisehirtso.org.tr\/v5\/wp-json\/wp\/v2\/types\/page"}],"author":[{"embeddable":true,"href":"https:\/\/www.yenisehirtso.org.tr\/v5\/wp-json\/wp\/v2\/users\/1"}],"replies":[{"embeddable":true,"href":"https:\/\/www.yenisehirtso.org.tr\/v5\/wp-json\/wp\/v2\/comments?post=8647"}],"version-history":[{"count":0,"href":"https:\/\/www.yenisehirtso.org.tr\/v5\/wp-json\/wp\/v2\/pages\/8647\/revisions"}],"wp:attachment":[{"href":"https:\/\/www.yenisehirtso.org.tr\/v5\/wp-json\/wp\/v2\/media?parent=8647"}],"curies":[{"name":"wp","href":"https:\/\/api.w.org\/{rel}","templated":true}]}}