{"id":8649,"date":"2013-07-19T05:35:43","date_gmt":"2013-07-19T05:35:43","guid":{"rendered":"http:\/\/yenisehirtso.org.tr\/v4\/?page_id=8649"},"modified":"2025-03-05T08:54:08","modified_gmt":"2025-03-05T08:54:08","slug":"oda-personeli","status":"publish","type":"page","link":"https:\/\/www.yenisehirtso.org.tr\/v5\/oda-personeli\/","title":{"rendered":"Oda Personeli"},"content":{"rendered":"<table>\n<tbody>\n<tr>\n<td width=\"235\"><\/td>\n<td width=\"499\"><\/td>\n<\/tr>\n<\/tbody>\n<\/table>\n<table>\n<tbody>\n<tr>\n<td width=\"235\"><img decoding=\"async\" loading=\"lazy\" class=\"aligncenter size-large wp-image-11018\" src=\"http:\/\/www.yenisehirtso.org.tr\/v5\/wp-content\/uploads\/2025\/03\/ytso-meclis-1024x1024.jpg\" alt=\"\" width=\"887\" height=\"887\" srcset=\"https:\/\/www.yenisehirtso.org.tr\/v5\/wp-content\/uploads\/2025\/03\/ytso-meclis-1024x1024.jpg 1024w, https:\/\/www.yenisehirtso.org.tr\/v5\/wp-content\/uploads\/2025\/03\/ytso-meclis-300x300.jpg 300w, https:\/\/www.yenisehirtso.org.tr\/v5\/wp-content\/uploads\/2025\/03\/ytso-meclis-150x150.jpg 150w, https:\/\/www.yenisehirtso.org.tr\/v5\/wp-content\/uploads\/2025\/03\/ytso-meclis-768x768.jpg 768w, https:\/\/www.yenisehirtso.org.tr\/v5\/wp-content\/uploads\/2025\/03\/ytso-meclis-55x55.jpg 55w, https:\/\/www.yenisehirtso.org.tr\/v5\/wp-content\/uploads\/2025\/03\/ytso-meclis-947x947.jpg 947w, https:\/\/www.yenisehirtso.org.tr\/v5\/wp-content\/uploads\/2025\/03\/ytso-meclis-624x624.jpg 624w, https:\/\/www.yenisehirtso.org.tr\/v5\/wp-content\/uploads\/2025\/03\/ytso-meclis.jpg 1080w\" sizes=\"(max-width: 887px) 100vw, 887px\" \/><\/td>\n<td width=\"499\">\n<table>\n<tbody>\n<tr>\n<td width=\"484\">\n<h3><strong>\u00d6mer HAMAMCILAR<\/strong><\/h3>\n<\/td>\n<\/tr>\n<tr>\n<td width=\"484\">\n<ul>\n<li><span style=\"color: #000000;\"><strong>Genel Sekreter<\/strong><\/span><\/li>\n<\/ul>\n<\/td>\n<\/tr>\n<tr>\n<td width=\"484\"><\/td>\n<\/tr>\n<tr>\n<td width=\"484\"><\/td>\n<\/tr>\n<tr>\n<td width=\"484\"><\/td>\n<\/tr>\n<\/tbody>\n<\/table>\n<\/td>\n<\/tr>\n<\/tbody>\n<\/table>\n<table>\n<tbody>\n<tr>\n<td width=\"235\"><\/td>\n<td width=\"499\"><\/td>\n<\/tr>\n<\/tbody>\n<\/table>\n<table>\n<tbody>\n<tr>\n<td style=\"text-align: center;\" width=\"235\"><img decoding=\"async\" loading=\"lazy\" class=\"aligncenter size-large wp-image-11016\" src=\"http:\/\/www.yenisehirtso.org.tr\/v5\/wp-content\/uploads\/2025\/03\/4-1024x1024.jpg\" alt=\"\" width=\"887\" height=\"887\" srcset=\"https:\/\/www.yenisehirtso.org.tr\/v5\/wp-content\/uploads\/2025\/03\/4-1024x1024.jpg 1024w, https:\/\/www.yenisehirtso.org.tr\/v5\/wp-content\/uploads\/2025\/03\/4-300x300.jpg 300w, https:\/\/www.yenisehirtso.org.tr\/v5\/wp-content\/uploads\/2025\/03\/4-150x150.jpg 150w, https:\/\/www.yenisehirtso.org.tr\/v5\/wp-content\/uploads\/2025\/03\/4-768x768.jpg 768w, https:\/\/www.yenisehirtso.org.tr\/v5\/wp-content\/uploads\/2025\/03\/4-1536x1536.jpg 1536w, https:\/\/www.yenisehirtso.org.tr\/v5\/wp-content\/uploads\/2025\/03\/4-55x55.jpg 55w, https:\/\/www.yenisehirtso.org.tr\/v5\/wp-content\/uploads\/2025\/03\/4-947x947.jpg 947w, https:\/\/www.yenisehirtso.org.tr\/v5\/wp-content\/uploads\/2025\/03\/4-624x624.jpg 624w, https:\/\/www.yenisehirtso.org.tr\/v5\/wp-content\/uploads\/2025\/03\/4.jpg 1620w\" sizes=\"(max-width: 887px) 100vw, 887px\" \/><\/td>\n<td width=\"499\">\n<table>\n<tbody>\n<tr>\n<td width=\"484\">\n<h3><strong>Fikret DUYGU<\/strong><\/h3>\n<\/td>\n<\/tr>\n<tr>\n<td width=\"484\">\n<ul>\n<li><strong>Ticaret Sicil M\u00fcd\u00fcr\u00fc<\/strong><\/li>\n<\/ul>\n<\/td>\n<\/tr>\n<tr>\n<td width=\"484\"><\/td>\n<\/tr>\n<tr>\n<td width=\"484\"><\/td>\n<\/tr>\n<tr>\n<td width=\"484\"><\/td>\n<\/tr>\n<\/tbody>\n<\/table>\n<\/td>\n<\/tr>\n<\/tbody>\n<\/table>\n<table>\n<tbody>\n<tr>\n<td width=\"235\"><\/td>\n<td width=\"499\"><\/td>\n<\/tr>\n<\/tbody>\n<\/table>\n<table>\n<tbody>\n<tr>\n<td width=\"235\"><img decoding=\"async\" loading=\"lazy\" class=\"aligncenter size-large wp-image-11017\" src=\"http:\/\/www.yenisehirtso.org.tr\/v5\/wp-content\/uploads\/2025\/03\/2-1024x1024.jpg\" alt=\"\" width=\"887\" height=\"887\" srcset=\"https:\/\/www.yenisehirtso.org.tr\/v5\/wp-content\/uploads\/2025\/03\/2-1024x1024.jpg 1024w, https:\/\/www.yenisehirtso.org.tr\/v5\/wp-content\/uploads\/2025\/03\/2-300x300.jpg 300w, https:\/\/www.yenisehirtso.org.tr\/v5\/wp-content\/uploads\/2025\/03\/2-150x150.jpg 150w, https:\/\/www.yenisehirtso.org.tr\/v5\/wp-content\/uploads\/2025\/03\/2-768x768.jpg 768w, https:\/\/www.yenisehirtso.org.tr\/v5\/wp-content\/uploads\/2025\/03\/2-1536x1536.jpg 1536w, https:\/\/www.yenisehirtso.org.tr\/v5\/wp-content\/uploads\/2025\/03\/2-55x55.jpg 55w, https:\/\/www.yenisehirtso.org.tr\/v5\/wp-content\/uploads\/2025\/03\/2-947x947.jpg 947w, https:\/\/www.yenisehirtso.org.tr\/v5\/wp-content\/uploads\/2025\/03\/2-624x624.jpg 624w, https:\/\/www.yenisehirtso.org.tr\/v5\/wp-content\/uploads\/2025\/03\/2.jpg 1620w\" sizes=\"(max-width: 887px) 100vw, 887px\" \/><\/td>\n<td width=\"499\">\n<table>\n<tbody>\n<tr>\n<td width=\"484\">\n<h3><strong>Nazif \u00c7OBAN<\/strong><\/h3>\n<\/td>\n<\/tr>\n<tr>\n<td width=\"484\">\n<ul>\n<li><strong>Tescil Yetkilisi<\/strong><\/li>\n<\/ul>\n<\/td>\n<\/tr>\n<tr>\n<td width=\"484\"><\/td>\n<\/tr>\n<tr>\n<td width=\"484\"><\/td>\n<\/tr>\n<tr>\n<td width=\"484\"><\/td>\n<\/tr>\n<\/tbody>\n<\/table>\n<\/td>\n<\/tr>\n<\/tbody>\n<\/table>\n<table>\n<tbody>\n<tr>\n<td width=\"235\"><\/td>\n<td width=\"499\"><\/td>\n<\/tr>\n<\/tbody>\n<\/table>\n<table>\n<tbody>\n<tr>\n<td width=\"235\"><\/td>\n<td width=\"499\"><\/td>\n<\/tr>\n<\/tbody>\n<\/table>\n","protected":false},"excerpt":{"rendered":"<p>\u00d6mer HAMAMCILAR Genel Sekreter Fikret DUYGU Ticaret Sicil M\u00fcd\u00fcr\u00fc Nazif \u00c7OBAN Tescil Yetkilisi<\/p>\n","protected":false},"author":1,"featured_media":0,"parent":0,"menu_order":0,"comment_status":"closed","ping_status":"closed","template":"","meta":[],"_links":{"self":[{"href":"https:\/\/www.yenisehirtso.org.tr\/v5\/wp-json\/wp\/v2\/pages\/8649"}],"collection":[{"href":"https:\/\/www.yenisehirtso.org.tr\/v5\/wp-json\/wp\/v2\/pages"}],"about":[{"href":"https:\/\/www.yenisehirtso.org.tr\/v5\/wp-json\/wp\/v2\/types\/page"}],"author":[{"embeddable":true,"href":"https:\/\/www.yenisehirtso.org.tr\/v5\/wp-json\/wp\/v2\/users\/1"}],"replies":[{"embeddable":true,"href":"https:\/\/www.yenisehirtso.org.tr\/v5\/wp-json\/wp\/v2\/comments?post=8649"}],"version-history":[{"count":5,"href":"https:\/\/www.yenisehirtso.org.tr\/v5\/wp-json\/wp\/v2\/pages\/8649\/revisions"}],"predecessor-version":[{"id":11019,"href":"https:\/\/www.yenisehirtso.org.tr\/v5\/wp-json\/wp\/v2\/pages\/8649\/revisions\/11019"}],"wp:attachment":[{"href":"https:\/\/www.yenisehirtso.org.tr\/v5\/wp-json\/wp\/v2\/media?parent=8649"}],"curies":[{"name":"wp","href":"https:\/\/api.w.org\/{rel}","templated":true}]}}