{"id":8650,"date":"2013-07-19T05:36:02","date_gmt":"2013-07-19T05:36:02","guid":{"rendered":"http:\/\/yenisehirtso.org.tr\/v4\/?page_id=8650"},"modified":"2013-07-19T05:36:02","modified_gmt":"2013-07-19T05:36:02","slug":"eski-baskanlar","status":"publish","type":"page","link":"https:\/\/www.yenisehirtso.org.tr\/v5\/eski-baskanlar\/","title":{"rendered":"Eski Ba\u015fkanlar"},"content":{"rendered":"<table width=\"389\" border=\"0\" cellspacing=\"0\" cellpadding=\"0\">\n<tbody>\n<tr>\n<td style=\"text-align: left;\" width=\"389\" height=\"26\"><strong>Y\u00d6NET\u0130M KURULU BA\u015eKANLARI<\/strong><\/td>\n<\/tr>\n<\/tbody>\n<\/table>\n<table width=\"501\" border=\"0\" cellspacing=\"0\" cellpadding=\"0\">\n<colgroup>\n<col width=\"389\" \/>\n<col width=\"112\" \/> <\/colgroup>\n<tbody>\n<tr>\n<td width=\"389\" height=\"26\">1-HAL\u0130L YORGANCI<\/td>\n<td width=\"112\">1965-1968<\/td>\n<\/tr>\n<tr>\n<td width=\"389\" height=\"26\">2-O.NUR\u0130 US<\/td>\n<td>1968-1969<\/td>\n<\/tr>\n<tr>\n<td width=\"389\" height=\"26\">3-M.AL\u0130 ERBA\u015e<\/td>\n<td>1969-1971<\/td>\n<\/tr>\n<tr>\n<td width=\"389\" height=\"26\">4-SAD\u0130 \u00c7EV\u0130K<\/td>\n<td>1971-1973<\/td>\n<\/tr>\n<tr>\n<td width=\"389\" height=\"26\">5-MUSTAFA ARSLAN<\/td>\n<td>1973-1974<\/td>\n<\/tr>\n<tr>\n<td width=\"389\" height=\"26\">6-SAD\u0130 \u00c7EV\u0130K<\/td>\n<td>1974-1983<\/td>\n<\/tr>\n<tr>\n<td width=\"389\" height=\"26\">7-MUSTAFA MURABIT<\/td>\n<td>1983-1984<\/td>\n<\/tr>\n<tr>\n<td width=\"389\" height=\"26\">8-HAM\u0130T SAVCI<\/td>\n<td>1984-1987<\/td>\n<\/tr>\n<tr>\n<td width=\"389\" height=\"26\">9-KAZIM S\u00d6\u011e\u00dcT<\/td>\n<td>1987-1992<\/td>\n<\/tr>\n<tr>\n<td width=\"389\" height=\"26\">10-MEVL\u00dcT AYAS<\/td>\n<td>1992-1995<\/td>\n<\/tr>\n<tr>\n<td width=\"389\" height=\"26\">11-MEM\u0130\u015e ORAL<\/td>\n<td>1995-2009<\/td>\n<\/tr>\n<tr>\n<td width=\"389\" height=\"26\">12-HAL\u0130L B\u00dcY\u00dcKKARDE\u015eLER<\/td>\n<td width=\"112\">2009-2013<\/td>\n<\/tr>\n<\/tbody>\n<\/table>\n<p>&nbsp;<\/p>\n<table width=\"389\" border=\"0\" cellspacing=\"0\" cellpadding=\"0\">\n<tbody>\n<tr>\n<td style=\"text-align: left;\" width=\"389\" height=\"26\"><strong>MECL\u0130S BA\u015eKANLARI<\/strong><\/td>\n<\/tr>\n<\/tbody>\n<\/table>\n<table width=\"501\" border=\"0\" cellspacing=\"0\" cellpadding=\"0\">\n<colgroup>\n<col width=\"389\" \/>\n<col width=\"112\" \/> <\/colgroup>\n<tbody>\n<tr>\n<td width=\"389\" height=\"26\">1-AL\u0130 TUNCER<\/td>\n<td width=\"112\">1966-1968<\/td>\n<\/tr>\n<tr>\n<td width=\"389\" height=\"26\">2-M.AL\u0130 ERBA\u015e<\/td>\n<td>1968-1969<\/td>\n<\/tr>\n<tr>\n<td width=\"389\" height=\"26\">3-O.NUR\u0130 US<\/td>\n<td>1969-1970<\/td>\n<\/tr>\n<tr>\n<td width=\"389\" height=\"26\">4-ORHAN AKY\u00dcZ<\/td>\n<td>1970-1976<\/td>\n<\/tr>\n<tr>\n<td width=\"389\" height=\"26\">5-M.EM\u0130N LAPACI<\/td>\n<td>1976-1984<\/td>\n<\/tr>\n<tr>\n<td width=\"389\" height=\"26\">6-S\u0130NAN NALBUR<\/td>\n<td>1984-1986<\/td>\n<\/tr>\n<tr>\n<td width=\"389\" height=\"26\">7-BEH\u00c7ET AS<\/td>\n<td>1986-1987<\/td>\n<\/tr>\n<tr>\n<td width=\"389\" height=\"26\">8-AL\u0130 \u0130HSAN \u015eEMAK\u0130<\/td>\n<td>1987-1988<\/td>\n<\/tr>\n<tr>\n<td width=\"389\" height=\"26\">9-FAHR\u0130 D\u00dcBEK<\/td>\n<td>1988-1989<\/td>\n<\/tr>\n<tr>\n<td width=\"389\" height=\"26\">10-\u0130SMA\u0130L G\u00dcLE\u00c7<\/td>\n<td>1989-1992<\/td>\n<\/tr>\n<tr>\n<td width=\"389\" height=\"26\">11-C.CAH\u0130T AKG\u00dcN<\/td>\n<td>1992-1995<\/td>\n<\/tr>\n<tr>\n<td width=\"389\" height=\"26\">12-AL\u0130 \u0130HSAN US<\/td>\n<td>1995-2009<\/td>\n<\/tr>\n<\/tbody>\n<\/table>\n<p>&nbsp;<\/p>\n","protected":false},"excerpt":{"rendered":"<p>Y\u00d6NET\u0130M KURULU BA\u015eKANLARI 1-HAL\u0130L YORGANCI 1965-1968 2-O.NUR\u0130 US 1968-1969 3-M.AL\u0130 ERBA\u015e 1969-1971 4-SAD\u0130 \u00c7EV\u0130K 1971-1973 5-MUSTAFA ARSLAN 1973-1974 6-SAD\u0130 \u00c7EV\u0130K 1974-1983 7-MUSTAFA MURABIT 1983-1984 8-HAM\u0130T SAVCI 1984-1987 9-KAZIM S\u00d6\u011e\u00dcT 1987-1992 [&hellip;]<\/p>\n","protected":false},"author":1,"featured_media":0,"parent":0,"menu_order":0,"comment_status":"closed","ping_status":"closed","template":"","meta":[],"_links":{"self":[{"href":"https:\/\/www.yenisehirtso.org.tr\/v5\/wp-json\/wp\/v2\/pages\/8650"}],"collection":[{"href":"https:\/\/www.yenisehirtso.org.tr\/v5\/wp-json\/wp\/v2\/pages"}],"about":[{"href":"https:\/\/www.yenisehirtso.org.tr\/v5\/wp-json\/wp\/v2\/types\/page"}],"author":[{"embeddable":true,"href":"https:\/\/www.yenisehirtso.org.tr\/v5\/wp-json\/wp\/v2\/users\/1"}],"replies":[{"embeddable":true,"href":"https:\/\/www.yenisehirtso.org.tr\/v5\/wp-json\/wp\/v2\/comments?post=8650"}],"version-history":[{"count":0,"href":"https:\/\/www.yenisehirtso.org.tr\/v5\/wp-json\/wp\/v2\/pages\/8650\/revisions"}],"wp:attachment":[{"href":"https:\/\/www.yenisehirtso.org.tr\/v5\/wp-json\/wp\/v2\/media?parent=8650"}],"curies":[{"name":"wp","href":"https:\/\/api.w.org\/{rel}","templated":true}]}}