{"id":8662,"date":"2013-07-19T05:47:01","date_gmt":"2013-07-19T05:47:01","guid":{"rendered":"http:\/\/yenisehirtso.org.tr\/v4\/?page_id=8662"},"modified":"2022-03-08T11:29:28","modified_gmt":"2022-03-08T11:29:28","slug":"kooperatifler","status":"publish","type":"page","link":"https:\/\/www.yenisehirtso.org.tr\/v5\/kooperatifler\/","title":{"rendered":"Kooperatifler"},"content":{"rendered":"<table border=\"0\" width=\"824\" cellspacing=\"0\" cellpadding=\"0\">\n<colgroup>\n<col width=\"64\" \/>\n<col width=\"760\" \/> <\/colgroup>\n<tbody>\n<tr>\n<td width=\"64\" height=\"20\">\u00a0<img decoding=\"async\" src=\"https:\/\/yenisehirtso.org.tr\/v4\/wp-content\/uploads\/2013\/07\/word.jpg\" alt=\"\" \/><\/td>\n<td style=\"text-align: left;\" width=\"760\"><strong>F.70.1 YEN\u0130 KAYIT (KURULU\u015e)<\/strong><\/p>\n<p><a href=\"https:\/\/www.yenisehirtso.org.tr\/v5\/wp-content\/uploads\/2020\/06\/F.70-Kooperatif-Kurulu\u015f-D\u00f6k\u00fcmanlar\u0131.docx\">F.70 Kooperatif Kurulu\u015f D\u00f6k\u00fcmanlar\u0131<\/a><\/p>\n<p><a href=\"https:\/\/www.yenisehirtso.org.tr\/v5\/wp-content\/uploads\/2020\/06\/F.70.1.1-Kooperatif-Yeni-Kurulu\u015f-Kay\u0131t-Evraklar\u0131.doc\">F.70.1.1 Kooperatif Yeni Kurulu\u015f Kay\u0131t Evraklar\u0131<\/a><\/p>\n<p><a href=\"https:\/\/www.yenisehirtso.org.tr\/v5\/wp-content\/uploads\/2020\/06\/F.70.1.2-Oda-Kayd\u0131-Olmayan-Kooperatifler-\u0130\u00e7in-Kay\u0131t-Evraklar\u0131.doc\">F.70.1.2 Oda Kayd\u0131 Olmayan Kooperatifler \u0130\u00e7in Kay\u0131t Evraklar\u0131<\/a><\/td>\n<\/tr>\n<tr>\n<td height=\"20\">\u00a0<img decoding=\"async\" src=\"https:\/\/yenisehirtso.org.tr\/v4\/wp-content\/uploads\/2013\/07\/word.jpg\" alt=\"\" \/><\/td>\n<td style=\"text-align: left;\" width=\"760\"><strong>F.70.2 ADRES DE\u011e\u0130\u015e\u0130KL\u0130\u011e\u0130<\/strong><\/p>\n<p><a href=\"https:\/\/www.yenisehirtso.org.tr\/v5\/wp-content\/uploads\/2020\/06\/F.70.2-Koop.-Adres-De\u011fi\u015fikli\u011fi-Evraklar\u0131.doc\">F.70.2 Koop. Adres De\u011fi\u015fikli\u011fi Evraklar\u0131<\/a><\/p>\n<p><a href=\"https:\/\/www.yenisehirtso.org.tr\/v5\/wp-content\/uploads\/2020\/06\/F.70.2.1-Koop.-Adres-De\u011fi\u015fikli\u011fi-Tic.Sic_.-Evraklar\u0131.doc\">F.70.2.1 Koop. Adres De\u011fi\u015fikli\u011fi Tic.Sic. Evraklar\u0131<\/a><\/p>\n<p><a href=\"https:\/\/www.yenisehirtso.org.tr\/v5\/wp-content\/uploads\/2020\/06\/F.70.2.2-Koop.-Adres-De\u011fi\u015fikli\u011fi-Oda-Evraklar\u0131.doc\">F.70.2.2 Koop. Adres De\u011fi\u015fikli\u011fi Oda Evraklar\u0131<\/a><\/td>\n<\/tr>\n<tr>\n<td height=\"20\">\u00a0<img decoding=\"async\" src=\"https:\/\/yenisehirtso.org.tr\/v4\/wp-content\/uploads\/2013\/07\/word.jpg\" alt=\"\" \/><\/td>\n<td style=\"text-align: left;\" width=\"760\"><strong>F.70.3 GENEL KURUL<\/strong><\/p>\n<p><a href=\"https:\/\/www.yenisehirtso.org.tr\/v5\/wp-content\/uploads\/2020\/06\/F.70.3-Koop.-Genel-Kurul-Evraklar\u0131.doc\">F.70.3 Koop. Genel Kurul Evraklar\u0131<\/a><\/p>\n<p><a href=\"https:\/\/www.yenisehirtso.org.tr\/v5\/wp-content\/uploads\/2020\/06\/F.70.3.1-Koop.-Genel-Kurul-Tic.Sic_.-Evraklar\u0131.doc\">F.70.3.1 Koop. Genel Kurul Tic.Sic. Evraklar\u0131<\/a><\/p>\n<p><a href=\"https:\/\/www.yenisehirtso.org.tr\/v5\/wp-content\/uploads\/2020\/06\/F.70.3.2-Koop.-Genel-Kurul-Oda-Evraklar\u0131.doc\">F.70.3.2 Koop. Genel Kurul Oda Evraklar\u0131<\/a><\/td>\n<\/tr>\n<tr>\n<td height=\"20\">\u00a0<img decoding=\"async\" src=\"https:\/\/yenisehirtso.org.tr\/v4\/wp-content\/uploads\/2013\/07\/word.jpg\" alt=\"\" \/><\/td>\n<td style=\"text-align: left;\" width=\"760\"><strong>F.70.4 Y\u00d6NET\u0130M DE\u011e\u0130\u015e\u0130KL\u0130\u011e\u0130<\/strong><\/p>\n<p><a href=\"https:\/\/www.yenisehirtso.org.tr\/v5\/wp-content\/uploads\/2020\/06\/F.70.4-Y\u00f6netim-De\u011fi\u015fikli\u011fi-Evraklar\u0131.doc\">F.70.4 Y\u00f6netim De\u011fi\u015fikli\u011fi Evraklar\u0131<\/a><\/p>\n<p><a href=\"https:\/\/www.yenisehirtso.org.tr\/v5\/wp-content\/uploads\/2020\/06\/F.70.4.1-Y\u00f6netim-De\u011fi\u015fikli\u011fi-Tic.Sic_.-Evraklar\u0131.doc\">F.70.4.1 Y\u00f6netim De\u011fi\u015fikli\u011fi Tic.Sic. Evraklar\u0131<\/a><\/p>\n<p><a href=\"https:\/\/www.yenisehirtso.org.tr\/v5\/wp-content\/uploads\/2020\/06\/F.70.4.2-Y\u00f6netim-De\u011fi\u015fikli\u011fi-Oda-Evraklar\u0131.doc\">F.70.4.2 Y\u00f6netim De\u011fi\u015fikli\u011fi Oda Evraklar\u0131<\/a><\/td>\n<\/tr>\n<tr>\n<td height=\"20\">\u00a0<img decoding=\"async\" src=\"https:\/\/yenisehirtso.org.tr\/v4\/wp-content\/uploads\/2013\/07\/word.jpg\" alt=\"\" \/><\/td>\n<td style=\"text-align: left;\"><strong>F.70.5 ANA S\u00d6ZLE\u015eME TAD\u0130L\u0130<\/strong><\/p>\n<p><a href=\"https:\/\/www.yenisehirtso.org.tr\/v5\/wp-content\/uploads\/2020\/06\/F.70.5-Anas\u00f6zle\u015fme-De\u011fi\u015fikli\u011fi-Sonras\u0131-Gereken-Evraklar.doc\">F.70.5 Anas\u00f6zle\u015fme De\u011fi\u015fikli\u011fi Sonras\u0131 Gereken Evraklar<\/a><\/p>\n<p><a href=\"https:\/\/www.yenisehirtso.org.tr\/v5\/wp-content\/uploads\/2020\/06\/F.70.5.1-Anas\u00f6zle\u015fme-De\u011fi\u015fikli\u011fi-Tic.Sic_.-Evraklar\u0131.doc\">F.70.5.1 Anas\u00f6zle\u015fme De\u011fi\u015fikli\u011fi Tic.Sic. Evraklar\u0131<\/a><\/p>\n<p><a href=\"https:\/\/www.yenisehirtso.org.tr\/v5\/wp-content\/uploads\/2020\/06\/F.70.5.2-Anas\u00f6zle\u015fme-De\u011fi\u015fikli\u011fi-Oda-Evraklar\u0131.doc\">F.70.5.2 Anas\u00f6zle\u015fme De\u011fi\u015fikli\u011fi Oda Evraklar\u0131<\/a><\/td>\n<\/tr>\n<tr>\n<td height=\"20\"><\/td>\n<td style=\"text-align: left;\" width=\"760\"><strong>F.70.6 TASF\u0130YE \u0130\u015eLEMLER\u0130<\/strong><\/td>\n<\/tr>\n<tr>\n<td height=\"20\">\u00a0<img decoding=\"async\" src=\"https:\/\/yenisehirtso.org.tr\/v4\/wp-content\/uploads\/2013\/07\/word.jpg\" alt=\"\" \/><\/td>\n<td style=\"text-align: left;\" width=\"760\"><strong>F.70.6.1 BA\u015eLANGI\u00c7<\/strong><\/p>\n<p><a href=\"https:\/\/www.yenisehirtso.org.tr\/v5\/wp-content\/uploads\/2020\/06\/F.70.6.1-Tasfiye-Ba\u015flang\u0131c\u0131-Evraklar\u0131.doc\">F.70.6.1 Tasfiye Ba\u015flang\u0131c\u0131 Evraklar\u0131<\/a><\/p>\n<p><a href=\"https:\/\/www.yenisehirtso.org.tr\/v5\/wp-content\/uploads\/2020\/06\/F.70.6.1.1-Tasfiye-Ba\u015flang\u0131c\u0131-Ticaret-Sicile-Gelecek-Evraklar.doc\">F.70.6.1.1 Tasfiye Ba\u015flang\u0131c\u0131 Ticaret Sicile Gelecek Evraklar<\/a><\/p>\n<p><a href=\"https:\/\/www.yenisehirtso.org.tr\/v5\/wp-content\/uploads\/2020\/06\/F.70.6.1.2-Tasfiye-Ba\u015flan\u0131c\u0131-Odaya-Gelecek-Evraklar.doc\">F.70.6.1.2 Tasfiye Ba\u015flan\u0131c\u0131 Odaya Gelecek Evraklar<\/a><\/td>\n<\/tr>\n<tr>\n<td height=\"20\">\u00a0<img decoding=\"async\" src=\"https:\/\/yenisehirtso.org.tr\/v4\/wp-content\/uploads\/2013\/07\/word.jpg\" alt=\"\" \/><\/td>\n<td style=\"text-align: left;\" width=\"760\"><strong>F.70.6.2 KAPANI\u015e<\/strong><\/p>\n<p><a href=\"https:\/\/www.yenisehirtso.org.tr\/v5\/wp-content\/uploads\/2020\/06\/F.70.6.2-Tasfiye-Kapan\u0131\u015f-Evraklar\u0131.doc\">F.70.6.2 Tasfiye Kapan\u0131\u015f Evraklar\u0131<\/a><\/p>\n<p><a href=\"https:\/\/www.yenisehirtso.org.tr\/v5\/wp-content\/uploads\/2020\/06\/F.70.6.2.1-Tasfiye-Kapan\u0131\u015f-Ticaret-Sicile-Gelecek-Evraklar.doc\">F.70.6.2.1 Tasfiye Kapan\u0131\u015f Ticaret Sicile Gelecek Evraklar<\/a><\/p>\n<p><a href=\"https:\/\/www.yenisehirtso.org.tr\/v5\/wp-content\/uploads\/2020\/06\/F.70.6.2.2-Tasfiye-Kapan\u0131\u015f-Odaya-Gelecek-Evraklar.doc\">F.70.6.2.2 Tasfiye Kapan\u0131\u015f Odaya Gelecek Evraklar<\/a><\/td>\n<\/tr>\n<tr>\n<td height=\"20\"><\/td>\n<td style=\"text-align: left;\"><\/td>\n<\/tr>\n<tr>\n<td height=\"20\"><\/td>\n<td style=\"text-align: left;\" width=\"760\"><\/td>\n<\/tr>\n<tr>\n<td height=\"20\"><\/td>\n<td style=\"text-align: left;\" width=\"760\"><\/td>\n<\/tr>\n<tr>\n<td height=\"20\"><\/td>\n<td style=\"text-align: left;\" width=\"760\"><\/td>\n<\/tr>\n<tr>\n<td height=\"20\"><\/td>\n<td style=\"text-align: left;\"><\/td>\n<\/tr>\n<tr>\n<td height=\"20\"><\/td>\n<td style=\"text-align: left;\" width=\"760\"><\/td>\n<\/tr>\n<tr>\n<td height=\"20\"><\/td>\n<td style=\"text-align: left;\" width=\"760\"><\/td>\n<\/tr>\n<tr>\n<td height=\"20\"><\/td>\n<td style=\"text-align: left;\" width=\"760\"><\/td>\n<\/tr>\n<tr>\n<td height=\"20\"><\/td>\n<td style=\"text-align: left;\"><\/td>\n<\/tr>\n<tr>\n<td height=\"20\"><\/td>\n<td style=\"text-align: left;\" width=\"760\"><\/td>\n<\/tr>\n<tr>\n<td height=\"20\"><\/td>\n<td style=\"text-align: left;\" width=\"760\"><\/td>\n<\/tr>\n<tr>\n<td height=\"20\"><\/td>\n<td style=\"text-align: left;\" width=\"760\"><\/td>\n<\/tr>\n<tr>\n<td height=\"20\"><\/td>\n<td style=\"text-align: left;\"><\/td>\n<\/tr>\n<tr>\n<td height=\"20\"><\/td>\n<td style=\"text-align: left;\" width=\"760\"><\/td>\n<\/tr>\n<\/tbody>\n<\/table>\n","protected":false},"excerpt":{"rendered":"<p>\u00a0 F.70.1 YEN\u0130 KAYIT (KURULU\u015e) F.70 Kooperatif Kurulu\u015f D\u00f6k\u00fcmanlar\u0131 F.70.1.1 Kooperatif Yeni Kurulu\u015f Kay\u0131t Evraklar\u0131 F.70.1.2 Oda Kayd\u0131 Olmayan Kooperatifler \u0130\u00e7in Kay\u0131t Evraklar\u0131 \u00a0 F.70.2 ADRES DE\u011e\u0130\u015e\u0130KL\u0130\u011e\u0130 F.70.2 Koop. Adres [&hellip;]<\/p>\n","protected":false},"author":1,"featured_media":0,"parent":0,"menu_order":0,"comment_status":"closed","ping_status":"closed","template":"","meta":[],"_links":{"self":[{"href":"https:\/\/www.yenisehirtso.org.tr\/v5\/wp-json\/wp\/v2\/pages\/8662"}],"collection":[{"href":"https:\/\/www.yenisehirtso.org.tr\/v5\/wp-json\/wp\/v2\/pages"}],"about":[{"href":"https:\/\/www.yenisehirtso.org.tr\/v5\/wp-json\/wp\/v2\/types\/page"}],"author":[{"embeddable":true,"href":"https:\/\/www.yenisehirtso.org.tr\/v5\/wp-json\/wp\/v2\/users\/1"}],"replies":[{"embeddable":true,"href":"https:\/\/www.yenisehirtso.org.tr\/v5\/wp-json\/wp\/v2\/comments?post=8662"}],"version-history":[{"count":11,"href":"https:\/\/www.yenisehirtso.org.tr\/v5\/wp-json\/wp\/v2\/pages\/8662\/revisions"}],"predecessor-version":[{"id":10767,"href":"https:\/\/www.yenisehirtso.org.tr\/v5\/wp-json\/wp\/v2\/pages\/8662\/revisions\/10767"}],"wp:attachment":[{"href":"https:\/\/www.yenisehirtso.org.tr\/v5\/wp-json\/wp\/v2\/media?parent=8662"}],"curies":[{"name":"wp","href":"https:\/\/api.w.org\/{rel}","templated":true}]}}