{"id":9990,"date":"2018-08-26T21:04:23","date_gmt":"2018-08-26T21:04:23","guid":{"rendered":"http:\/\/www.yenisehirtso.org.tr\/v5\/?page_id=9990"},"modified":"2022-01-04T13:14:50","modified_gmt":"2022-01-04T13:14:50","slug":"iletisim","status":"publish","type":"page","link":"https:\/\/www.yenisehirtso.org.tr\/v5\/iletisim\/","title":{"rendered":"\u0130leti\u015fim"},"content":{"rendered":"<p>Tel: 0 (224) 773 02 38 &#8211; 0 (532) 760 67 68<br \/>\nFax: 0 (224) 773 24 40<br \/>\ne-mail: yenisehirtso@tobb.org.tr<br \/>\nAdres: \u00c7ay\u0131r Mh. Tekel Sk. No:3\/2 16900 Yeni\u015fehir-BURSA<\/p>\n<p><a href=\"http:\/\/www.yenisehirtso.org.tr\/v5\/wp-content\/uploads\/2022\/01\/Ki\u015fisel-Verilerin-Korunmas\u0131.docx\">K\u0130\u015e\u0130SEL VER\u0130LER\u0130N KORUNMASI<\/a><\/p>\n<p>&nbsp;<\/p>\n","protected":false},"excerpt":{"rendered":"<p>Tel: 0 (224) 773 02 38 &#8211; 0 (532) 760 67 68 Fax: 0 (224) 773 24 40 e-mail: yenisehirtso@tobb.org.tr Adres: \u00c7ay\u0131r Mh. Tekel Sk. No:3\/2 16900 Yeni\u015fehir-BURSA K\u0130\u015e\u0130SEL VER\u0130LER\u0130N [&hellip;]<\/p>\n","protected":false},"author":1,"featured_media":0,"parent":0,"menu_order":0,"comment_status":"closed","ping_status":"closed","template":"","meta":[],"_links":{"self":[{"href":"https:\/\/www.yenisehirtso.org.tr\/v5\/wp-json\/wp\/v2\/pages\/9990"}],"collection":[{"href":"https:\/\/www.yenisehirtso.org.tr\/v5\/wp-json\/wp\/v2\/pages"}],"about":[{"href":"https:\/\/www.yenisehirtso.org.tr\/v5\/wp-json\/wp\/v2\/types\/page"}],"author":[{"embeddable":true,"href":"https:\/\/www.yenisehirtso.org.tr\/v5\/wp-json\/wp\/v2\/users\/1"}],"replies":[{"embeddable":true,"href":"https:\/\/www.yenisehirtso.org.tr\/v5\/wp-json\/wp\/v2\/comments?post=9990"}],"version-history":[{"count":5,"href":"https:\/\/www.yenisehirtso.org.tr\/v5\/wp-json\/wp\/v2\/pages\/9990\/revisions"}],"predecessor-version":[{"id":10756,"href":"https:\/\/www.yenisehirtso.org.tr\/v5\/wp-json\/wp\/v2\/pages\/9990\/revisions\/10756"}],"wp:attachment":[{"href":"https:\/\/www.yenisehirtso.org.tr\/v5\/wp-json\/wp\/v2\/media?parent=9990"}],"curies":[{"name":"wp","href":"https:\/\/api.w.org\/{rel}","templated":true}]}}